{"id":781,"date":"2025-08-20T04:11:53","date_gmt":"2025-08-20T04:11:53","guid":{"rendered":"https:\/\/kimkhivugia.com\/phu-kien-pin-xe\/?post_type=product&#038;p=781"},"modified":"2026-01-05T04:35:11","modified_gmt":"2026-01-05T04:35:11","slug":"tam-op-bao-ve-pin-vf5","status":"publish","type":"product","link":"https:\/\/kimkhivugia.com\/phu-kien-pin-xe\/tam-op-bao-ve-pin-vf5\/","title":{"rendered":"T\u1ea5m \u1ed1p b\u1ea3o v\u1ec7 PIN VF5 ( Herio Green)"},"content":{"rendered":"\n\n<div class=\"kk-star-ratings kksr-auto kksr-align-left kksr-valign-top\"\n    data-payload='{&quot;align&quot;:&quot;left&quot;,&quot;id&quot;:&quot;781&quot;,&quot;slug&quot;:&quot;default&quot;,&quot;valign&quot;:&quot;top&quot;,&quot;ignore&quot;:&quot;&quot;,&quot;reference&quot;:&quot;auto&quot;,&quot;class&quot;:&quot;&quot;,&quot;count&quot;:&quot;0&quot;,&quot;legendonly&quot;:&quot;&quot;,&quot;readonly&quot;:&quot;&quot;,&quot;score&quot;:&quot;0&quot;,&quot;starsonly&quot;:&quot;&quot;,&quot;best&quot;:&quot;5&quot;,&quot;gap&quot;:&quot;5&quot;,&quot;greet&quot;:&quot;\u0110\u00e1nh gi\u00e1 b\u00e0i vi\u1ebft&quot;,&quot;legend&quot;:&quot;0\\\/5 - (0 b\u00ecnh ch\u1ecdn)&quot;,&quot;size&quot;:&quot;24&quot;,&quot;title&quot;:&quot;T\u1ea5m \u1ed1p b\u1ea3o v\u1ec7 PIN VF5 ( Herio Green)&quot;,&quot;width&quot;:&quot;0&quot;,&quot;_legend&quot;:&quot;{score}\\\/{best} - ({count} {votes})&quot;,&quot;font_factor&quot;:&quot;1.25&quot;}'>\n            \n<div class=\"kksr-stars\">\n    \n<div class=\"kksr-stars-inactive\">\n            <div class=\"kksr-star\" data-star=\"1\" style=\"padding-right: 5px\">\n            \n\n<div class=\"kksr-icon\" style=\"width: 24px; height: 24px;\"><\/div>\n        <\/div>\n            <div class=\"kksr-star\" data-star=\"2\" style=\"padding-right: 5px\">\n            \n\n<div class=\"kksr-icon\" style=\"width: 24px; height: 24px;\"><\/div>\n        <\/div>\n            <div class=\"kksr-star\" data-star=\"3\" style=\"padding-right: 5px\">\n            \n\n<div class=\"kksr-icon\" style=\"width: 24px; height: 24px;\"><\/div>\n        <\/div>\n            <div class=\"kksr-star\" data-star=\"4\" style=\"padding-right: 5px\">\n            \n\n<div class=\"kksr-icon\" style=\"width: 24px; height: 24px;\"><\/div>\n        <\/div>\n            <div class=\"kksr-star\" data-star=\"5\" style=\"padding-right: 5px\">\n            \n\n<div class=\"kksr-icon\" style=\"width: 24px; height: 24px;\"><\/div>\n        <\/div>\n    <\/div>\n    \n<div class=\"kksr-stars-active\" style=\"width: 0px;\">\n            <div class=\"kksr-star\" style=\"padding-right: 5px\">\n            \n\n<div class=\"kksr-icon\" style=\"width: 24px; height: 24px;\"><\/div>\n        <\/div>\n            <div class=\"kksr-star\" style=\"padding-right: 5px\">\n            \n\n<div class=\"kksr-icon\" style=\"width: 24px; height: 24px;\"><\/div>\n        <\/div>\n            <div class=\"kksr-star\" style=\"padding-right: 5px\">\n            \n\n<div class=\"kksr-icon\" style=\"width: 24px; height: 24px;\"><\/div>\n        <\/div>\n            <div class=\"kksr-star\" style=\"padding-right: 5px\">\n            \n\n<div class=\"kksr-icon\" style=\"width: 24px; height: 24px;\"><\/div>\n        <\/div>\n            <div class=\"kksr-star\" style=\"padding-right: 5px\">\n            \n\n<div class=\"kksr-icon\" style=\"width: 24px; height: 24px;\"><\/div>\n        <\/div>\n    <\/div>\n<\/div>\n                \n\n<div class=\"kksr-legend\" style=\"font-size: 19.2px;\">\n            <span class=\"kksr-muted\">\u0110\u00e1nh gi\u00e1 b\u00e0i vi\u1ebft<\/span>\n    <\/div>\n    <\/div>\n<p>\u1ed0p pin VF5 \u0111\u01b0\u1ee3c thi\u1ebft k\u1ebf chuy\u00ean d\u1ee5ng cho xe \u0111i\u1ec7n VinFast VF5, gi\u00fap b\u1ea3o v\u1ec7 t\u1ed1i \u01b0u b\u1ed9 pin kh\u1ecfi c\u00e1c t\u00e1c \u0111\u1ed9ng c\u01a1 h\u1ecdc, va ch\u1ea1m ph\u1ea7n pin . S\u1ea3n ph\u1ea9m \u0111\u01b0\u1ee3c s\u1ea3n xu\u1ea5t t\u1eeb v\u1eadt li\u1ec7u inox 304 cao c\u1ea5p v\u00e0 th\u00e9p m\u1ea1 k\u1ebdm s\u01a1n t\u0129nh \u0111i\u1ec7n, \u0111\u1ea3m b\u1ea3o \u0111\u1ed9 b\u1ec1n v\u01b0\u1ee3t tr\u1ed9i, kh\u1ea3 n\u0103ng ch\u1ed1ng g\u1ec9 s\u00e9t v\u00e0 ch\u1ecbu l\u1ef1c t\u1ed1t.<\/p>\n<p>V\u1edbi thi\u1ebft k\u1ebf chu\u1ea9n kh\u1edbp 100% theo c\u1ea5u tr\u00fac m\u1eb7t pin, \u1ed1p pin VF5 \u00f4m tr\u1ecdn m\u1eb7t pin v\u00e0 vi\u1ec1n pin gi\u00fap b\u1ea3o v\u1ec7 t\u1ed1t nh\u1ea5t cho pin v\u00e0 gi\u00fap t\u0103ng t\u00ednh th\u1ea9m m\u1ef9 cho g\u1ea7m xe. Qu\u00e1 tr\u00ecnh l\u1eafp \u0111\u1eb7t nhanh ch\u00f3ng, kh\u00f4ng c\u1ea7n ch\u1ec9nh s\u1eeda k\u1ebft c\u1ea5u g\u1ea7m, an to\u00e0n tuy\u1ec7t \u0111\u1ed1i v\u00e0 kh\u00f4ng khoan c\u1eaft ch\u1ebf \u0111\u1ed9.<\/p>\n<p>Herio green l\u00e0 phi\u00ean b\u1ea3n r\u00fat g\u1ecdn c\u1ee7a VF5 , c\u1ea3 2 phi\u00ean b\u1ea3n \u0111\u1ec1u s\u1eed d\u1ee5ng chung \u1ed1p pin , \u1ed1p c\u00e1p v\u00e0 \u1ed1p g\u1ea7m<\/p>\n<h2>Ngo\u00e0i \u1ed1p pin VF5 c\u00f2n c\u00f3 th\u00eam \u1ed1p c\u00e1p v\u00e0 \u1ed1p g\u1ea7m<\/h2>\n<h3>\u1ed0p c\u00e1p ( \u1ed1p d\u00e2y cao \u00e1p)<\/h3>\n<ul>\n<li>Ch\u1ea5t li\u1ec7u nh\u00f4m 1.5mm s\u01a1n t\u0129nh \u0111i\u1ec7n<\/li>\n<li>Gi\u00fap che ch\u1eafm d\u00e2y cao \u00e1o, kh\u1ecfi b\u1ecb \u0111\u00e1 s\u1ecfi<\/li>\n<\/ul>\n<h3>\u1ed0p g\u1ea7m ch\u1ed1ng \u1ed3n<\/h3>\n<ul>\n<li>Ch\u1ea5t li\u1ec7u nh\u00f4m 1.5mm s\u01a1n t\u0129nh \u0111i\u1ec7n<\/li>\n<li>Gi\u00fap gi\u1ea3m \u1ed3n ph\u00eda sau xe, t\u0103ng t\u00ednh th\u1ea9m m\u1ef9 g\u1ea7m xe<\/li>\n<\/ul>\n","protected":false},"excerpt":{"rendered":"<p>\u1ed0p pin VF5 \u0111\u01b0\u1ee3c thi\u1ebft k\u1ebf chuy\u00ean d\u1ee5ng cho xe \u0111i\u1ec7n VinFast VF5, gi\u00fap b\u1ea3o v\u1ec7 t\u1ed1i \u01b0u b\u1ed9 pin kh\u1ecfi c\u00e1c t\u00e1c \u0111\u1ed9ng c\u01a1 h\u1ecdc, va ch\u1ea1m ph\u1ea7n pin . S\u1ea3n ph\u1ea9m \u0111\u01b0\u1ee3c s\u1ea3n xu\u1ea5t t\u1eeb v\u1eadt li\u1ec7u inox 304 cao c\u1ea5p v\u00e0 th\u00e9p m\u1ea1 k\u1ebdm s\u01a1n t\u0129nh \u0111i\u1ec7n, \u0111\u1ea3m b\u1ea3o \u0111\u1ed9 b\u1ec1n v\u01b0\u1ee3t tr\u1ed9i, kh\u1ea3 n\u0103ng ch\u1ed1ng g\u1ec9 s\u00e9t v\u00e0 ch\u1ecbu l\u1ef1c t\u1ed1t.<\/p>\n<p>V\u1edbi thi\u1ebft k\u1ebf chu\u1ea9n kh\u1edbp 100% theo c\u1ea5u tr\u00fac m\u1eb7t pin, \u1ed1p pin VF5 \u00f4m tr\u1ecdn m\u1eb7t pin v\u00e0 vi\u1ec1n pin gi\u00fap b\u1ea3o v\u1ec7 t\u1ed1t nh\u1ea5t cho pin v\u00e0 gi\u00fap t\u0103ng t\u00ednh th\u1ea9m m\u1ef9 cho g\u1ea7m xe. Qu\u00e1 tr\u00ecnh l\u1eafp \u0111\u1eb7t nhanh ch\u00f3ng, kh\u00f4ng c\u1ea7n ch\u1ec9nh s\u1eeda k\u1ebft c\u1ea5u g\u1ea7m, an to\u00e0n tuy\u1ec7t \u0111\u1ed1i v\u00e0 kh\u00f4ng khoan c\u1eaft ch\u1ebf \u0111\u1ed9.<\/p>\n","protected":false},"featured_media":784,"comment_status":"closed","ping_status":"closed","template":"","meta":[],"product_brand":[],"product_cat":[63,24],"product_tag":[],"class_list":{"0":"post-781","1":"product","2":"type-product","3":"status-publish","4":"has-post-thumbnail","6":"product_cat-op-bao-ve-pin-op-bao-ve-pin","7":"product_cat-op-bao-ve-pin","9":"first","10":"instock","11":"shipping-taxable","12":"purchasable","13":"product-type-variable"},"_links":{"self":[{"href":"https:\/\/kimkhivugia.com\/phu-kien-pin-xe\/wp-json\/wp\/v2\/product\/781","targetHints":{"allow":["GET"]}}],"collection":[{"href":"https:\/\/kimkhivugia.com\/phu-kien-pin-xe\/wp-json\/wp\/v2\/product"}],"about":[{"href":"https:\/\/kimkhivugia.com\/phu-kien-pin-xe\/wp-json\/wp\/v2\/types\/product"}],"replies":[{"embeddable":true,"href":"https:\/\/kimkhivugia.com\/phu-kien-pin-xe\/wp-json\/wp\/v2\/comments?post=781"}],"wp:featuredmedia":[{"embeddable":true,"href":"https:\/\/kimkhivugia.com\/phu-kien-pin-xe\/wp-json\/wp\/v2\/media\/784"}],"wp:attachment":[{"href":"https:\/\/kimkhivugia.com\/phu-kien-pin-xe\/wp-json\/wp\/v2\/media?parent=781"}],"wp:term":[{"taxonomy":"product_brand","embeddable":true,"href":"https:\/\/kimkhivugia.com\/phu-kien-pin-xe\/wp-json\/wp\/v2\/product_brand?post=781"},{"taxonomy":"product_cat","embeddable":true,"href":"https:\/\/kimkhivugia.com\/phu-kien-pin-xe\/wp-json\/wp\/v2\/product_cat?post=781"},{"taxonomy":"product_tag","embeddable":true,"href":"https:\/\/kimkhivugia.com\/phu-kien-pin-xe\/wp-json\/wp\/v2\/product_tag?post=781"}],"curies":[{"name":"wp","href":"https:\/\/api.w.org\/{rel}","templated":true}]}}