{"id":1187,"date":"2025-09-08T09:02:44","date_gmt":"2025-09-08T09:02:44","guid":{"rendered":"https:\/\/kimkhivugia.com\/phu-kien-pin-xe\/?page_id=1187"},"modified":"2025-09-15T08:57:51","modified_gmt":"2025-09-15T08:57:51","slug":"hinh-thuc-giao-nhan","status":"publish","type":"page","link":"https:\/\/kimkhivugia.com\/phu-kien-pin-xe\/hinh-thuc-giao-nhan\/","title":{"rendered":"H\u00ecnh th\u1ee9c giao nh\u1eadn"},"content":{"rendered":"<p>Pe Car c\u00f3 r\u1ea5t nhi\u1ec1u h\u00ecnh th\u1ee9c giao nh\u1eadn h\u00e0ng trong TPHCM v\u00e0 c\u00e1c t\u1ec9nh th\u00e0nh kh\u1eafp c\u1ea3 n\u01b0\u1edbc nh\u01b0:<\/p>\n<ul>\n<li>Viettel post<\/li>\n<\/ul>\n<p><img loading=\"lazy\" decoding=\"async\" class=\" wp-image-1223 alignleft\" src=\"https:\/\/kimkhivugia.com\/phu-kien-pin-xe\/wp-content\/uploads\/2025\/09\/tong-dai-viettel-post-11.jpg\" alt=\"\" width=\"279\" height=\"157\" \/><\/p>\n<p>&nbsp;<\/p>\n<p>&nbsp;<\/p>\n<p>&nbsp;<\/p>\n<p>&nbsp;<\/p>\n<p>&nbsp;<\/p>\n<ul>\n<li>Netco post<\/li>\n<\/ul>\n<p><img loading=\"lazy\" decoding=\"async\" class=\"alignnone  wp-image-1222\" src=\"https:\/\/kimkhivugia.com\/phu-kien-pin-xe\/wp-content\/uploads\/2025\/09\/NC-2.jpg\" alt=\"\" width=\"267\" height=\"152\" \/><\/p>\n<ul>\n<li>Shoppe Express<\/li>\n<\/ul>\n<p><img loading=\"lazy\" decoding=\"async\" class=\" wp-image-1221\" src=\"https:\/\/kimkhivugia.com\/phu-kien-pin-xe\/wp-content\/uploads\/2025\/09\/shopee-express-2.jpg\" alt=\"\" width=\"260\" height=\"146\" \/><\/p>\n<ul>\n<li>Lalamove<\/li>\n<\/ul>\n<p><img loading=\"lazy\" decoding=\"async\" class=\"alignnone  wp-image-1224\" src=\"https:\/\/kimkhivugia.com\/phu-kien-pin-xe\/wp-content\/uploads\/2025\/09\/dan-tri-pr-article-2doi-tac-tx-llm-dat-muc-tieu-tiep-tuc-gia-tang-thu-nhap-1-1docx-1709116709524.webp\" alt=\"\" width=\"258\" height=\"172\" \/><\/p>\n<ul>\n<li>T\u1ea5t c\u1ea3 c\u00e1c ch\u00e0nh xe \u1edf TPHCM<\/li>\n<\/ul>\n<p>&nbsp;<\/p>\n<p>&nbsp;<\/p>\n<p>&nbsp;<\/p>\n<p>&nbsp;<\/p>\n<p>&nbsp;<\/p>\n<p>&nbsp;<\/p>\n<p>&nbsp;<\/p>\n","protected":false},"excerpt":{"rendered":"<p>Pe Car c\u00f3 r\u1ea5t nhi\u1ec1u h\u00ecnh th\u1ee9c giao nh\u1eadn h\u00e0ng trong TPHCM v\u00e0 c\u00e1c t\u1ec9nh th\u00e0nh kh\u1eafp c\u1ea3 n\u01b0\u1edbc nh\u01b0: Viettel post &nbsp; &nbsp; &nbsp; &nbsp; &nbsp; Netco post Shoppe Express Lalamove T\u1ea5t c\u1ea3 c\u00e1c ch\u00e0nh xe \u1edf TPHCM &nbsp; &nbsp; &nbsp; &nbsp; &nbsp; &nbsp; &nbsp;<\/p>\n","protected":false},"author":1,"featured_media":1221,"parent":0,"menu_order":0,"comment_status":"closed","ping_status":"closed","template":"","meta":{"footnotes":""},"class_list":["post-1187","page","type-page","status-publish","has-post-thumbnail","hentry"],"_links":{"self":[{"href":"https:\/\/kimkhivugia.com\/phu-kien-pin-xe\/wp-json\/wp\/v2\/pages\/1187","targetHints":{"allow":["GET"]}}],"collection":[{"href":"https:\/\/kimkhivugia.com\/phu-kien-pin-xe\/wp-json\/wp\/v2\/pages"}],"about":[{"href":"https:\/\/kimkhivugia.com\/phu-kien-pin-xe\/wp-json\/wp\/v2\/types\/page"}],"author":[{"embeddable":true,"href":"https:\/\/kimkhivugia.com\/phu-kien-pin-xe\/wp-json\/wp\/v2\/users\/1"}],"replies":[{"embeddable":true,"href":"https:\/\/kimkhivugia.com\/phu-kien-pin-xe\/wp-json\/wp\/v2\/comments?post=1187"}],"version-history":[{"count":0,"href":"https:\/\/kimkhivugia.com\/phu-kien-pin-xe\/wp-json\/wp\/v2\/pages\/1187\/revisions"}],"wp:featuredmedia":[{"embeddable":true,"href":"https:\/\/kimkhivugia.com\/phu-kien-pin-xe\/wp-json\/wp\/v2\/media\/1221"}],"wp:attachment":[{"href":"https:\/\/kimkhivugia.com\/phu-kien-pin-xe\/wp-json\/wp\/v2\/media?parent=1187"}],"curies":[{"name":"wp","href":"https:\/\/api.w.org\/{rel}","templated":true}]}}