{"id":1184,"date":"2025-09-08T09:02:24","date_gmt":"2025-09-08T09:02:24","guid":{"rendered":"https:\/\/kimkhivugia.com\/phu-kien-pin-xe\/?page_id=1184"},"modified":"2025-09-15T08:47:18","modified_gmt":"2025-09-15T08:47:18","slug":"dai-ly","status":"publish","type":"page","link":"https:\/\/kimkhivugia.com\/phu-kien-pin-xe\/dai-ly\/","title":{"rendered":"\u0110\u1ea1i l\u00fd"},"content":{"rendered":"<h1><span style=\"color: #0000ff;\">Danh s\u00e1ch \u0111\u1ea1i l\u00fd :<\/span><\/h1>\n<p><span style=\"color: #0000ff;\"><strong>TP H\u1ed3 Ch\u00ed Minh<\/strong><\/span><br \/>\n&#8211; C\u00f4ng ty Kim Kh\u00ed V\u0169 Gia (PE CAR)<br \/>\n\u0110\u1ecba ch\u1ec9: L\u00f4 9, \u0111\u01b0\u1eddng s\u1ed1 7, KCN T\u00e2n T\u1ea1o, P. T\u00e2n T\u1ea1o A, Q. B\u00ecnh T\u00e2n<br \/>\n\u0110i\u1ec7n tho\u1ea1i: 0983.833.871<br \/>\n&#8211; Vinfast An Th\u00e1i<br \/>\n\u0110\u1ecba ch\u1ec9: 446 Kinh D\u01b0\u01a1ng V\u01b0\u01a1ng, P. An L\u1ea1c A Q. B\u00ecnh T\u00e2n, Tp. HCM<br \/>\n\u0110i\u1ec7n tho\u1ea1i: 0946451177-Mr Sinh<br \/>\n&#8211; Michenlin Nh\u1eadt Quang<br \/>\n\u0110\u1ecba ch\u1ec9: 619 Nguy\u1ec5n Xi\u1ec3n, Long Th\u1ea1ch M\u1ef9. Q9, TP Th\u1ee7 \u0110\u1ee9c<br \/>\n\u0110i\u1ec7n tho\u1ea1i: 0935.982.998- 0859.762.762<br \/>\n&#8211; Fastauto.vn<br \/>\n\u0110\u1ecba ch\u1ec9: 334 \u0110. \u0110\u1ed7 Ph\u00e1p Thu\u1eadn, An Ph\u00fa, Th\u00e0nh Ph\u1ed1 Th\u1ee7 \u0110\u1ee9c<br \/>\n\u0110i\u1ec7n tho\u1ea1i: 0934.283.879<\/p>\n<p><span style=\"color: #0000ff;\"><strong>B\u00ecnh D\u01b0\u01a1ng<\/strong><\/span><br \/>\n&#8211; \u0110\u1ee9c S\u0129 Auto<br \/>\n\u0110\u1ecba ch\u1ec9: 96\/10 \u0110\u1ea1i l\u1ed9 B\u00ecnh D\u01b0\u01a1ng, p. Thu\u1eadn An, B\u00ecnh D\u01b0\u01a1ng<br \/>\n\u0110i\u1ec7n tho\u1ea1i: 0988.113.564<br \/>\nGara<br \/>\n<span style=\"color: #0000ff;\"><span style=\"color: #282828;\">&#8211; PH\u1ee4 T\u00d9NG \u00d4T\u00d4 NG\u1eccC PH\u00c1<\/span>T<\/span><br \/>\n\u0110\u1ecba ch\u1ec9: 21 \u0111\u01b0\u1eddng s\u1ed1 1, KDC Hi\u1ec7p Th\u00e0nh 1, T\u1ed5 56, Khu 5, P. Hi\u1ec7p Th\u00e0nh, Th\u1ee7 D\u1ea7u M\u1ed9t<br \/>\n\u0110i\u1ec7n tho\u1ea1i: 0967.266.065<\/p>\n<p><span style=\"color: #0000ff;\"><strong>\u0110\u1ed3ng Th\u00e1p<\/strong><\/span><br \/>\n&#8211; Qu\u1ed1c Phong Auto<br \/>\n\u0110\u1ecba ch\u1ec9: 58 L\u00fd Th\u01b0\u1eddng Ki\u1ec7t, K.1, P.2, TP. Sa \u0110\u00e9c<br \/>\n\u0110i\u1ec7n tho\u1ea1i: 0949.488.394- 0902.737.939<\/p>\n<p><span style=\"color: #0000ff;\"><strong>Gia Lai<\/strong><\/span><\/p>\n<p>X\u01b0\u1edfng s\u1eeda ch\u1eefa \u00f4t\u00f4 H\u00f9ng An<br \/>\n\u0110\u1ecba ch\u1ec9: 29 V\u1ea1n Ki\u1ebfp P. Th\u1ed1ng Nh\u1ea5t, Th\u00e0nh Ph\u1ed1 Pleiku, Gia Lai<br \/>\n\u0110i\u1ec7n tho\u1ea1i: 0337.744.355<\/p>\n<p><span style=\"color: #0000ff;\"><strong>Lai Ch\u00e2u<\/strong><\/span><\/p>\n<p>&#8211; VINFAST LAI CH\u00c2U<br \/>\n\u0110\u1ecba ch\u1ec9: T\u1ed5 18, T\u00e2n Phong, tp Lai Ch\u00e2u<br \/>\n\u0110i\u1ec7n tho\u1ea1i: 0866.112.599<\/p>\n<p><span style=\"color: #0000ff;\"><strong>H\u00e0 N\u1ed9i<\/strong><\/span><\/p>\n<p>Gara \u00d4 t\u00f4 HTC<br \/>\n\u0110\u1ecba ch\u1ec9: 59 Nguy\u1ec5n V\u0103n Gi\u00e1p, P. C\u1ea7u Di\u1ec5n Q. Nam T\u1eeb Li\u00eam, TP H\u00e0 N\u00f4i<br \/>\n\u0110i\u1ec7n tho\u1ea1i: 0354.65.65.22- 0907.110.899<br \/>\nGara \u00d4 t\u00f4 Xu\u00e2n Chi\u1ebfn<br \/>\n\u0110\u1ecba ch\u1ec9: S\u1ed1 439 Nguy\u1ec5n \u0110\u1ee9c Thu\u1eadn, Gia L\u00e2m, Q.Long Bi\u00ean, Tp H\u00e0 N\u1ed9i<br \/>\n\u0110i\u1ec7n tho\u1ea1i: 0354.65.65.22- 0907.110.899<br \/>\nQUANG NG\u1eccC AUTO<br \/>\n\u0110\u1ecba ch\u1ec9: \u0110\u1ed1i di\u1ec7n to\u00e0 nh\u00e0 Ruby(ZenPark) R1.01 &#8211; K\u0110T Vinhomes Ocean Park \u0110\u01b0\u1eddng An \u0110\u00e0o C &#8211; Tr\u00e2u qu\u1ef3 &#8211; Gia L\u00e2m &#8211; H\u00e0 N\u1ed9i<br \/>\n\u0110i\u1ec7n tho\u1ea1i: 0354.65.65.22- 0907.110.899<br \/>\nPh\u01b0\u01a1ng \u0110\u00f4ng Auto<br \/>\n\u0110\u1ecba ch\u1ec9: L\u00f4 2, BT1 Vinaconex3 &#8211; Trung V\u0103n &#8211; Nam T\u1eeb Li\u00eam<br \/>\n\u0110i\u1ec7n tho\u1ea1i: 0354.65.65.22- 0907.110.899<\/p>\n<p><span style=\"color: #0000ff;\"><strong>H\u1ea3i Ph\u00f2ng<\/strong><\/span><\/p>\n<p>&#8211; \u0110\u1ed8 XE HAY- AUTO 365 H\u1ea2I PH\u00d2NG<br \/>\n\u0110\u1ecba ch\u1ec9: 368 L\u00ea Quang \u0110\u1ea1o, Ng\u00f4 Quy\u1ec1n, H\u1ea3i Ph\u00f2ng<br \/>\n\u0110i\u1ec7n tho\u1ea1i: 0354.65.65.22- 0907.110.899<\/p>\n<p><span style=\"color: #0000ff;\"><strong>Ngh\u1ec7 an<\/strong><\/span><\/p>\n<p>&#8211; C\u00f4ng ty TNHH v\u1eadn t\u1ea3i qu\u1ed1c t\u1ebf S\u01a1n Nam<br \/>\n\u0110\u1ecba ch\u1ec9: s\u1ed1 68 \u0111\u01b0\u1eddng X\u00f4 Vi\u1ebft Ngh\u1ec7 T\u00ecnh, X\u00e3 Nghi Ph\u00fa, TP Vinh, Ngh\u1ec7 An<br \/>\n\u0110i\u1ec7n tho\u1ea1i: 0988331000 &#8211; 0941125959<\/p>\n<p><span style=\"color: #0000ff;\"><strong>Thanh H\u00f3a<\/strong><\/span><\/p>\n<p>&#8211; VINFAST NGUY\u1ec4N PH\u00daC<br \/>\n\u0110\u1ecba ch\u1ec9: 686 Nguy\u1ec5n Ch\u00ed Thanh, Ph\u01b0\u1eddng \u0110\u00f4ng Th\u1ecd, TP. Thanh H\u00f3a<br \/>\n\u0110i\u1ec7n tho\u1ea1i: 0345.783.588<br \/>\n\u00f4 t\u00f4 Thu\u1eadn Ph\u00e1t<br \/>\n\u0110\u1ecba ch\u1ec9: QL1A x\u00e3 Ho\u1eb1ng Qu\u1ef7, Ho\u1ea3ng H\u00f3a, Thanh H\u00f3a (ch\u00e2n c\u1ea7u v\u01b0\u1ee3t g\u1ea7n \u00f4 t\u00f4 Tr\u01b0\u1eddng H\u1ea3i)<br \/>\n\u0110i\u1ec7n tho\u1ea1i: 0983.866.216- 0983.833.871<\/p>\n<p><span style=\"color: #0000ff;\"><strong>Nam \u0110\u1ecbnh<\/strong><\/span><\/p>\n<p>&#8211; VINFAST NAM \u0110\u1ecaNH<br \/>\n\u0110\u1ecba ch\u1ec9: \u0110\u1ea1i L\u1ed9 Thi\u00ean Tr\u01b0\u1eddng &#8211; M\u1ef9 H\u01b0ng- M\u1ef9 L\u1ed9c-Nam \u0110\u1ecbnh<br \/>\n\u0110i\u1ec7n tho\u1ea1i: 0912.691.663<\/p>\n<p><span style=\"color: #0000ff;\"><strong>V\u0129nh Long<\/strong><\/span><\/p>\n<p>&#8211; Thi\u00ean Kim Auto V\u0129nh Long (\u0110\u1ea1i l\u00ed)<br \/>\n\u0110\u1ecba ch\u1ec9: S\u1ed1 164, Tr\u1ea7n \u0110\u1ea1i Ngh\u0129a, Ph\u01b0\u1eddng 4, TP V\u0129nh Long<br \/>\nS\u1ed1 \u0111i\u1ec7n tho\u1ea1i: 0903930607<\/p>\n<p><span style=\"color: #0000ff;\"><strong>B\u1eafc Giang<\/strong><\/span><\/p>\n<p>&#8211; Auto 365 B\u1eafc Giang<br \/>\n\u0110\u1ecba ch\u1ec9: 124 &#8211; 126 L\u00fd T\u1ef1 Tr\u1ecdng, TP. B\u1eafc Giang<br \/>\nS\u1ed1 \u0111i\u1ec7n tho\u1ea1i: 0986272865<\/p>\n<p>V\u00e0 c\u00f2n r\u1ea5t nhi\u1ec1u Garage l\u1eafp \u0111\u1eb7t kh\u1eafp c\u1ea3 n\u01b0\u1edbc<\/p>\n","protected":false},"excerpt":{"rendered":"<p>Danh s\u00e1ch \u0111\u1ea1i l\u00fd : TP H\u1ed3 Ch\u00ed Minh &#8211; C\u00f4ng ty Kim Kh\u00ed V\u0169 Gia (PE CAR) \u0110\u1ecba ch\u1ec9: L\u00f4 9, \u0111\u01b0\u1eddng s\u1ed1 7, KCN T\u00e2n T\u1ea1o, P. T\u00e2n T\u1ea1o A, Q. B\u00ecnh T\u00e2n \u0110i\u1ec7n tho\u1ea1i: 0983.833.871 &#8211; Vinfast An Th\u00e1i \u0110\u1ecba ch\u1ec9: 446 Kinh D\u01b0\u01a1ng V\u01b0\u01a1ng, P. An L\u1ea1c A Q. B\u00ecnh T\u00e2n,<\/p>\n","protected":false},"author":1,"featured_media":0,"parent":0,"menu_order":0,"comment_status":"closed","ping_status":"closed","template":"","meta":{"footnotes":""},"class_list":["post-1184","page","type-page","status-publish","hentry"],"_links":{"self":[{"href":"https:\/\/kimkhivugia.com\/phu-kien-pin-xe\/wp-json\/wp\/v2\/pages\/1184","targetHints":{"allow":["GET"]}}],"collection":[{"href":"https:\/\/kimkhivugia.com\/phu-kien-pin-xe\/wp-json\/wp\/v2\/pages"}],"about":[{"href":"https:\/\/kimkhivugia.com\/phu-kien-pin-xe\/wp-json\/wp\/v2\/types\/page"}],"author":[{"embeddable":true,"href":"https:\/\/kimkhivugia.com\/phu-kien-pin-xe\/wp-json\/wp\/v2\/users\/1"}],"replies":[{"embeddable":true,"href":"https:\/\/kimkhivugia.com\/phu-kien-pin-xe\/wp-json\/wp\/v2\/comments?post=1184"}],"version-history":[{"count":0,"href":"https:\/\/kimkhivugia.com\/phu-kien-pin-xe\/wp-json\/wp\/v2\/pages\/1184\/revisions"}],"wp:attachment":[{"href":"https:\/\/kimkhivugia.com\/phu-kien-pin-xe\/wp-json\/wp\/v2\/media?parent=1184"}],"curies":[{"name":"wp","href":"https:\/\/api.w.org\/{rel}","templated":true}]}}