{"id":1032,"date":"2025-08-24T05:57:35","date_gmt":"2025-08-24T05:57:35","guid":{"rendered":"https:\/\/kimkhivugia.com\/phu-kien-pin-xe\/?page_id=1032"},"modified":"2025-09-25T02:30:13","modified_gmt":"2025-09-25T02:30:13","slug":"ve-chung-toi","status":"publish","type":"page","link":"https:\/\/kimkhivugia.com\/phu-kien-pin-xe\/ve-chung-toi\/","title":{"rendered":"V\u1ec1 ch\u00fang t\u00f4i"},"content":{"rendered":"\n\n\t<section class=\"section\" id=\"section_1719593836\">\n\t\t<div class=\"section-bg fill\" >\n\t\t\t\t\t\t\t\t\t\n\t\t\t\n\n\t\t<\/div>\n\n\t\t\n\n\t\t<div class=\"section-content relative\">\n\t\t\t\n\n  <div id=\"page-header-32055542\" class=\"page-header-wrapper\">\n  <div class=\"page-title dark featured-title has-parallax\">\n\n        <div class=\"page-title-bg\">\n      <div class=\"title-bg fill bg-fill\"\n        data-parallax-container=\".page-title\"\n        data-parallax-background\n        data-parallax=\"-7\">\n      <\/div>\n      <div class=\"title-overlay fill\"><\/div>\n    <\/div>\n    \n    <div class=\"page-title-inner container align-center text-center flex-row-col medium-flex-wrap\" >\n              <div class=\"title-wrapper uppercase flex-col\">\n          <h1 class=\"entry-title mb-0\">\n            V\u1ec1 ch\u00fang t\u00f4i          <\/h1>\n        <\/div>\n                    <div class=\"title-content flex-col\">\n        <div class=\"title-breadcrumbs pb-half pt-half\"><nav class=\"woocommerce-breadcrumb breadcrumbs uppercase\">Trang ch\u1ee7<\/nav><\/div>      <\/div>\n    <\/div>\n\n     \n<style>\n#page-header-32055542 .page-title-inner {\n  min-height: 650px;\n}\n#page-header-32055542 .title-bg {\n  background-image: url(https:\/\/kimkhivugia.com\/phu-kien-pin-xe\/wp-content\/uploads\/2025\/09\/Red-and-Peach-Modern-Valentines-Day-Sale-Instagram-Story.png);\n}\n#page-header-32055542 .title-overlay {\n  background-color: rgba(0,0,0,.5);\n}\n<\/style>\n  <\/div>\n    <\/div>\n  \n\n\n\t\t<\/div>\n\n\t\t\n<style>\n#section_1719593836 {\n  padding-top: 0px;\n  padding-bottom: 0px;\n}\n<\/style>\n\t<\/section>\n\t\n\n\t<section class=\"section\" id=\"section_240765750\">\n\t\t<div class=\"section-bg fill\" >\n\t\t\t\t\t\t\t\t\t\n\t\t\t\n\n\t\t<\/div>\n\n\t\t\n\n\t\t<div class=\"section-content relative\">\n\t\t\t\n\n<div class=\"row\"  id=\"row-746633183\">\n\n\n\t<div id=\"col-1480999776\" class=\"col small-12 large-12\"  >\n\t\t\t\t<div class=\"col-inner\"  >\n\t\t\t\n\t\t\t\n\n<p><strong>C\u00f4ng ty TNHH Kim Kh\u00ed V\u0169 Gia<\/strong> \u0111\u01b0\u1ee3c th\u00e0nh l\u1eadp trong b\u1ed1i c\u1ea3nh kinh t\u1ebf h\u1ed9i nh\u1eadp v\u00e0 ph\u00e1t tri\u1ec3n m\u1ea1nh m\u1ebd.<\/p>\n<p>Ch\u00fang t\u00f4i \u0111\u00e3 thi c\u00f4ng r\u1ea5t nhi\u1ec1u h\u1ea1ng m\u1ee5c n\u1ed9i ngo\u1ea1i th\u1ea5t kim lo\u1ea1i t\u1ea1i nhi\u1ec1u d\u1ef1 \u00e1n c\u1ee7a t\u1eadp \u0111o\u00e0n Vingroup nh\u01b0 Vincom, Vinpearl, Vinhomes,&#8230; v\u1edbi th\u1ebf m\u1ea1nh trong l\u0129nh v\u1ef1c gia c\u00f4ng kim lo\u1ea1i.<\/p>\n<p>Ngay t\u1eeb ng\u00e0y \u0111\u1ea7u Vinfast \u0111\u01b0\u1ee3c th\u00e0nh l\u1eadp ch\u00fang t\u00f4i \u0111\u00e3 r\u1ea5t quan t\u00e2m \u0111\u1ebfn c\u00e1c s\u1ea3n ph\u1ea9m do Vinfast ph\u00e2n ph\u1ed1i v\u00e0 t\u1eadp trung v\u00e0o 2 m\u1ee5c ti\u00eau ch\u00ednh nh\u01b0 sau<\/p>\n<ul>\n<li><strong>Nh\u00e2n s\u1ef1:<\/strong> \u0110\u01b0\u1ee3c b\u1ed5 sung m\u1ed9t s\u1ed1 v\u1ecb tr\u00ed chuy\u00ean m\u00f4n, \u0111\u00e0o t\u1ea1o n\u00e2ng cao tr\u00ecnh \u0111\u1ed9 \u0111\u1ed9i ng\u0169 k\u1ef9 thu\u1eadt, \u0111\u00e0o t\u1ea1o ng\u01b0\u1eddi lao \u0111\u1ed9ng th\u00edch nghi v\u1edbi y\u00eau c\u1ea7u k\u1ef9 thu\u1eadt<\/li>\n<li><strong>Trang thi\u1ebft b\u1ecb:<\/strong> B\u1ed5 sung m\u00e1y m\u00f3c trang thi\u1ebft b\u1ecb t\u1ef1 \u0111\u1ed9ng h\u00f3a m\u1ed9t s\u1ed1 c\u00f4ng \u0111o\u1ea1n \u0111\u1ea3m b\u1ea3o s\u1ea3n ph\u1ea9n c\u00f3 ch\u1ea5t l\u01b0\u1ee3ng \u0111\u1ed3ng \u0111\u1ec1u v\u1edbi n\u0103ng su\u1ea5t cao<\/li>\n<\/ul>\n<p><iframe loading=\"lazy\" title=\"Quang c\u1ea3nh s\u1ef1 ki\u1ec7n test ng\u00e0y 14\/07\/2024\" width=\"1020\" height=\"574\" src=\"https:\/\/www.youtube.com\/embed\/KNT_kZyrMjw?feature=oembed\" frameborder=\"0\" allow=\"accelerometer; autoplay; clipboard-write; encrypted-media; gyroscope; picture-in-picture; web-share\" referrerpolicy=\"strict-origin-when-cross-origin\" allowfullscreen><\/iframe><\/p>\n<div id='gallery-1' class='gallery galleryid-1032 gallery-columns-3 gallery-size-medium'><figure class='gallery-item'>\n\t\t\t<div class='gallery-icon landscape'>\n\t\t\t\t<a href='https:\/\/kimkhivugia.com\/phu-kien-pin-xe\/ve-chung-toi\/20250117_100644\/#main'><img loading=\"lazy\" decoding=\"async\" width=\"533\" height=\"400\" src=\"https:\/\/kimkhivugia.com\/phu-kien-pin-xe\/wp-content\/uploads\/2025\/09\/20250117_100644-scaled.jpg\" class=\"attachment-medium size-medium\" alt=\"\" \/><\/a>\n\t\t\t<\/div><\/figure><figure class='gallery-item'>\n\t\t\t<div class='gallery-icon landscape'>\n\t\t\t\t<a href='https:\/\/kimkhivugia.com\/phu-kien-pin-xe\/ve-chung-toi\/img_0084\/#main'><img loading=\"lazy\" decoding=\"async\" width=\"533\" height=\"400\" src=\"https:\/\/kimkhivugia.com\/phu-kien-pin-xe\/wp-content\/uploads\/2025\/09\/IMG_0084-scaled.jpg\" class=\"attachment-medium size-medium\" alt=\"\" \/><\/a>\n\t\t\t<\/div><\/figure>\n\t\t<\/div>\n\n<p>Nh\u1eadn th\u1ea5y xu h\u01b0\u1edbng chuy\u1ec3n \u0111\u1ed5i t\u1eeb xe x\u0103ng sang xe \u0111i\u1ec7n, \u0111\u1eb7c bi\u1ec7t v\u1edbi s\u1ef1 ra \u0111\u1eddi c\u1ee7a VinFast, c\u00f4ng ty \u0111\u00e3 m\u1edf r\u1ed9ng ho\u1ea1t \u0111\u1ed9ng sang l\u0129nh v\u1ef1c ph\u1ee5 ki\u1ec7n \u00f4 t\u00f4 \u0111i\u1ec7n, g\u00f3p ph\u1ea7n \u0111\u00e1p \u1ee9ng nhu c\u1ea7u th\u1ecb tr\u01b0\u1eddng v\u00e0 th\u00fac \u0111\u1ea9y ng\u00e0nh c\u00f4ng nghi\u1ec7p xanh.<\/p>\n\n  \n    <div class=\"row large-columns-2 medium-columns- small-columns-\" >\n  <div class=\"gallery-col col\" >\n          <div class=\"col-inner\">\n            <a class=\"image-lightbox lightbox-gallery\" href=\"https:\/\/kimkhivugia.com\/phu-kien-pin-xe\/wp-content\/uploads\/2025\/09\/z5914715269371_cb1d9f2c736fffdad7e85f72758747e9.jpg\" title=\"\">            <div class=\"box has-hover gallery-box box-normal\">\n              <div class=\"box-image image-cover\" style=\"padding-top:100%;\">\n                <img loading=\"lazy\" decoding=\"async\" width=\"1920\" height=\"2560\" src=\"https:\/\/kimkhivugia.com\/phu-kien-pin-xe\/wp-content\/uploads\/2025\/09\/z5914715269371_cb1d9f2c736fffdad7e85f72758747e9.jpg\" class=\"attachment-original size-original\" alt=\"\" ids=\"1258,1262\" style=\"normal\" lightbox_image_size=\"original\" columns=\"2\" image_height=\"100%\" image_size=\"original\" \/>                                                              <\/div>\n              <div class=\"box-text text-left\" >\n                 <p><\/p>\n              <\/div>\n            <\/div>\n            <\/a>          <\/div>\n         <\/div><div class=\"gallery-col col\" >\n          <div class=\"col-inner\">\n            <a class=\"image-lightbox lightbox-gallery\" href=\"https:\/\/kimkhivugia.com\/phu-kien-pin-xe\/wp-content\/uploads\/2025\/09\/Untitled.png\" title=\"\">            <div class=\"box has-hover gallery-box box-normal\">\n              <div class=\"box-image image-cover\" style=\"padding-top:100%;\">\n                <img loading=\"lazy\" decoding=\"async\" width=\"1920\" height=\"1080\" src=\"https:\/\/kimkhivugia.com\/phu-kien-pin-xe\/wp-content\/uploads\/2025\/09\/Untitled.png\" class=\"attachment-original size-original\" alt=\"\" ids=\"1258,1262\" style=\"normal\" lightbox_image_size=\"original\" columns=\"2\" image_height=\"100%\" image_size=\"original\" \/>                                                              <\/div>\n              <div class=\"box-text text-left\" >\n                 <p><\/p>\n              <\/div>\n            <\/div>\n            <\/a>          <\/div>\n         <\/div><\/div>\n\n<h3>Ng\u00e0nh Ngh\u1ec1 Kinh Doanh:<\/h3>\n<ul>\n<li>T\u01b0 v\u00e2\u0301n, thi\u00ea\u0301t k\u00ea\u0301, thi c\u00f4ng, xu\u00e2\u0301t kh\u00e2\u0309u ca\u0301c sa\u0309n ph\u00e2\u0309m n\u1ed9i ngo\u1ea1i th\u1ea5t b\u0103\u0300ng kim loa\u0323i<\/li>\n<li>Sa\u0309n xu\u00e2\u0301t N\u00f4\u0323i \u2013 Ngoa\u0323i th\u00e2\u0301t cung c\u00e2\u0301p phu\u0323c vu\u0323 cho: Showroom , c\u00f4ng tr\u00ecnh, trung t\u00e2m th\u01b0\u01a1ng m\u1ea1i, kh\u00e1ch s\u1ea1n , si\u00eau th\u1ecb, v\u0103n ph\u00f2ng, c\u1eeda h\u00e0ng th\u1eddi trang, b\u1ea3ng hi\u1ec7u qu\u1ea3ng c\u00e1o&#8230;..<\/li>\n<li>Gia c\u00f4ng c\u0103\u0301t, \u0111\u00f4\u0323t, ha\u0300n, \u0111a\u0301nh bo\u0301ng kim loa\u0323i, ma\u0323 kim loa\u0323i b\u0103\u0300ng c\u00f4ng ngh\u00ea\u0323 cao<\/li>\n<li>Gia c\u00f4ng c\u01a1 khi\u0301 chi ti\u00ea\u0301t theo ba\u0309n ve\u0303<\/li>\n<li>Gia c\u00f4ng phay (ba\u0300o), ch\u00e2\u0301n \u0111i\u0323nh hi\u0300nh kim loa\u0323i t\u00e2\u0301m<\/li>\n<li>Gia c\u00f4ng c\u1eaft laser kim lo\u1ea1i<\/li>\n<li>Gia c\u00f4ng ch\u1ebf t\u1ea1o linh ki\u1ec7n m\u00e1y<\/li>\n<li>Gia c\u00f4ng ch\u1ebf t\u1ea1o ph\u1ee5 ki\u1ec7n \u00f4t\u00f4<\/li>\n<\/ul>\n<h2><strong>N\u0103ng l\u1ef1c s\u1ea3n xu\u1ea5t<\/strong><\/h2>\n<ul>\n<li>Nh\u00e0 x\u01b0\u1edfng quy m\u00f4 l\u1edbn, trang b\u1ecb m\u00e1y c\u1eaft CNC, m\u00e1y laser, m\u00e1y u\u1ed1n ch\u1ea5n t\u1ea5m, h\u00e0n MIG \u2013 TIG, s\u01a1n t\u0129nh \u0111i\u1ec7n hi\u1ec7n \u0111\u1ea1i.<\/li>\n<li>\u0110\u1ed9i ng\u0169 k\u1ef9 s\u01b0, c\u00f4ng nh\u00e2n l\u00e0nh ngh\u1ec1 v\u1edbi nhi\u1ec1u n\u0103m kinh nghi\u1ec7m.<\/li>\n<li>Quy tr\u00ecnh ki\u1ec3m so\u00e1t ch\u1ea5t l\u01b0\u1ee3ng nghi\u00eam ng\u1eb7t t\u1eeb kh\u00e2u nguy\u00ean li\u1ec7u, gia c\u00f4ng \u0111\u1ebfn th\u00e0nh ph\u1ea9m.<\/li>\n<li>N\u0103ng l\u1ef1c \u0111\u00e1p \u1ee9ng \u0111\u01a1n h\u00e0ng s\u1ed1 l\u01b0\u1ee3ng l\u1edbn trong th\u1eddi gian ng\u1eafn, linh ho\u1ea1t theo y\u00eau c\u1ea7u ri\u00eang c\u1ee7a kh\u00e1ch h\u00e0ng.<\/li>\n<\/ul>\n<h2><strong>Kh\u00e1ch h\u00e0ng &amp; \u0111\u1ed1i t\u00e1c<\/strong><\/h2>\n<p>PE CAR hi\u1ec7n l\u00e0 \u0111\u1ed1i t\u00e1c tin c\u1eady c\u1ee7a nhi\u1ec1u doanh nghi\u1ec7p trong v\u00e0 ngo\u00e0i n\u01b0\u1edbc, \u0111\u1eb7c bi\u1ec7t trong c\u00e1c ng\u00e0nh:<\/p>\n<ul>\n<li>\u00d4 t\u00f4 \u2013 xe \u0111i\u1ec7n<\/li>\n<li>C\u01a1 kh\u00ed \u2013 c\u00f4ng nghi\u1ec7p ph\u1ee5 tr\u1ee3<\/li>\n<li>X\u00e2y d\u1ef1ng \u2013 v\u1eadt li\u1ec7u<\/li>\n<\/ul>\n<h2><strong>Cam k\u1ebft ch\u1ea5t l\u01b0\u1ee3ng<\/strong><\/h2>\n<p>Ch\u00fang t\u00f4i l\u1ea5y ph\u01b0\u01a1ng ch\u00e2m <strong>\u201cUy t\u00edn \u2013 Ch\u1ea5t l\u01b0\u1ee3ng \u2013 Hi\u1ec7u qu\u1ea3\u201d<\/strong> l\u00e0m kim ch\u1ec9 nam. M\u1ed7i s\u1ea3n ph\u1ea9m \u0111\u1ec1u \u0111\u01b0\u1ee3c ch\u1ebf t\u1ea1o v\u1edbi \u0111\u1ed9 ch\u00ednh x\u00e1c cao, t\u00ednh an to\u00e0n t\u1ed1i \u0111a, \u0111\u1ea3m b\u1ea3o:<\/p>\n<ul>\n<li><strong>Ch\u1ea5t l\u01b0\u1ee3ng b\u1ec1n b\u1ec9<\/strong> theo ti\u00eau chu\u1ea9n qu\u1ed1c t\u1ebf.<\/li>\n<li><strong>Gi\u1ea3i ph\u00e1p t\u1ed1i \u01b0u<\/strong> cho t\u1eebng nhu c\u1ea7u c\u1ee5 th\u1ec3.<\/li>\n<li><strong>D\u1ecbch v\u1ee5 t\u1eadn t\u00e2m<\/strong> t\u1eeb t\u01b0 v\u1ea5n, s\u1ea3n xu\u1ea5t \u0111\u1ebfn b\u1ea3o h\u00e0nh, h\u1eadu m\u00e3i.<\/li>\n<\/ul>\n<h2><strong>T\u1ea7m nh\u00ecn &amp; s\u1ee9 m\u1ec7nh<\/strong><\/h2>\n<ul>\n<li><strong>T\u1ea7m nh\u00ecn:<\/strong> Tr\u1edf th\u00e0nh doanh nghi\u1ec7p c\u01a1 kh\u00ed \u2013 kim kh\u00ed h\u00e0ng \u0111\u1ea7u Vi\u1ec7t Nam, v\u01b0\u01a1n t\u1ea7m khu v\u1ef1c.<\/li>\n<li><strong>S\u1ee9 m\u1ec7nh:<\/strong> Mang \u0111\u1ebfn nh\u1eefng s\u1ea3n ph\u1ea9m, gi\u1ea3i ph\u00e1p c\u01a1 kh\u00ed an to\u00e0n \u2013 ch\u00ednh x\u00e1c \u2013 b\u1ec1n v\u1eefng, g\u00f3p ph\u1ea7n n\u00e2ng cao hi\u1ec7u qu\u1ea3 s\u1ea3n xu\u1ea5t c\u00f4ng nghi\u1ec7p v\u00e0 ph\u00e1t tri\u1ec3n c\u1ed9ng \u0111\u1ed3ng.<\/li>\n<\/ul>\n\n\t\t<\/div>\n\t\t\t\t\t<\/div>\n\n\t\n\n<\/div>\n\n\t\t<\/div>\n\n\t\t\n<style>\n#section_240765750 {\n  padding-top: 30px;\n  padding-bottom: 30px;\n}\n<\/style>\n\t<\/section>\n\t\n\n","protected":false},"excerpt":{"rendered":"","protected":false},"author":1,"featured_media":1036,"parent":0,"menu_order":0,"comment_status":"closed","ping_status":"closed","template":"page-blank.php","meta":{"footnotes":""},"class_list":["post-1032","page","type-page","status-publish","has-post-thumbnail","hentry"],"_links":{"self":[{"href":"https:\/\/kimkhivugia.com\/phu-kien-pin-xe\/wp-json\/wp\/v2\/pages\/1032","targetHints":{"allow":["GET"]}}],"collection":[{"href":"https:\/\/kimkhivugia.com\/phu-kien-pin-xe\/wp-json\/wp\/v2\/pages"}],"about":[{"href":"https:\/\/kimkhivugia.com\/phu-kien-pin-xe\/wp-json\/wp\/v2\/types\/page"}],"author":[{"embeddable":true,"href":"https:\/\/kimkhivugia.com\/phu-kien-pin-xe\/wp-json\/wp\/v2\/users\/1"}],"replies":[{"embeddable":true,"href":"https:\/\/kimkhivugia.com\/phu-kien-pin-xe\/wp-json\/wp\/v2\/comments?post=1032"}],"version-history":[{"count":3,"href":"https:\/\/kimkhivugia.com\/phu-kien-pin-xe\/wp-json\/wp\/v2\/pages\/1032\/revisions"}],"predecessor-version":[{"id":1264,"href":"https:\/\/kimkhivugia.com\/phu-kien-pin-xe\/wp-json\/wp\/v2\/pages\/1032\/revisions\/1264"}],"wp:featuredmedia":[{"embeddable":true,"href":"https:\/\/kimkhivugia.com\/phu-kien-pin-xe\/wp-json\/wp\/v2\/media\/1036"}],"wp:attachment":[{"href":"https:\/\/kimkhivugia.com\/phu-kien-pin-xe\/wp-json\/wp\/v2\/media?parent=1032"}],"curies":[{"name":"wp","href":"https:\/\/api.w.org\/{rel}","templated":true}]}}