{"id":2267,"date":"2026-04-04T10:46:33","date_gmt":"2026-04-04T03:46:33","guid":{"rendered":"https:\/\/kimkhivugia.com\/noi-that\/?post_type=product&#038;p=2267"},"modified":"2026-04-04T10:46:33","modified_gmt":"2026-04-04T03:46:33","slug":"tu-sat-son-tinh-dien","status":"publish","type":"product","link":"https:\/\/kimkhivugia.com\/noi-that\/tu-sat-son-tinh-dien\/","title":{"rendered":"t\u1ee7 s\u1eaft s\u01a1n t\u0129nh \u0111i\u1ec7n"},"content":{"rendered":"\n\n<div class=\"kk-star-ratings kksr-auto kksr-align-left kksr-valign-top\"\n    data-payload='{&quot;align&quot;:&quot;left&quot;,&quot;id&quot;:&quot;2267&quot;,&quot;slug&quot;:&quot;default&quot;,&quot;valign&quot;:&quot;top&quot;,&quot;ignore&quot;:&quot;&quot;,&quot;reference&quot;:&quot;auto&quot;,&quot;class&quot;:&quot;&quot;,&quot;count&quot;:&quot;0&quot;,&quot;legendonly&quot;:&quot;&quot;,&quot;readonly&quot;:&quot;&quot;,&quot;score&quot;:&quot;0&quot;,&quot;starsonly&quot;:&quot;&quot;,&quot;best&quot;:&quot;5&quot;,&quot;gap&quot;:&quot;5&quot;,&quot;greet&quot;:&quot;\u0110\u00e1nh gi\u00e1 b\u00e0i vi\u1ebft&quot;,&quot;legend&quot;:&quot;0\\\/5 - (0 b\u00ecnh ch\u1ecdn)&quot;,&quot;size&quot;:&quot;24&quot;,&quot;title&quot;:&quot;t\u1ee7 s\u1eaft s\u01a1n t\u0129nh \u0111i\u1ec7n&quot;,&quot;width&quot;:&quot;0&quot;,&quot;_legend&quot;:&quot;{score}\\\/{best} - ({count} {votes})&quot;,&quot;font_factor&quot;:&quot;1.25&quot;}'>\n            \n<div class=\"kksr-stars\">\n    \n<div class=\"kksr-stars-inactive\">\n            <div class=\"kksr-star\" data-star=\"1\" style=\"padding-right: 5px\">\n            \n\n<div class=\"kksr-icon\" style=\"width: 24px; height: 24px;\"><\/div>\n        <\/div>\n            <div class=\"kksr-star\" data-star=\"2\" style=\"padding-right: 5px\">\n            \n\n<div class=\"kksr-icon\" style=\"width: 24px; height: 24px;\"><\/div>\n        <\/div>\n            <div class=\"kksr-star\" data-star=\"3\" style=\"padding-right: 5px\">\n            \n\n<div class=\"kksr-icon\" style=\"width: 24px; height: 24px;\"><\/div>\n        <\/div>\n            <div class=\"kksr-star\" data-star=\"4\" style=\"padding-right: 5px\">\n            \n\n<div class=\"kksr-icon\" style=\"width: 24px; height: 24px;\"><\/div>\n        <\/div>\n            <div class=\"kksr-star\" data-star=\"5\" style=\"padding-right: 5px\">\n            \n\n<div class=\"kksr-icon\" style=\"width: 24px; height: 24px;\"><\/div>\n        <\/div>\n    <\/div>\n    \n<div class=\"kksr-stars-active\" style=\"width: 0px;\">\n            <div class=\"kksr-star\" style=\"padding-right: 5px\">\n            \n\n<div class=\"kksr-icon\" style=\"width: 24px; height: 24px;\"><\/div>\n        <\/div>\n            <div class=\"kksr-star\" style=\"padding-right: 5px\">\n            \n\n<div class=\"kksr-icon\" style=\"width: 24px; height: 24px;\"><\/div>\n        <\/div>\n            <div class=\"kksr-star\" style=\"padding-right: 5px\">\n            \n\n<div class=\"kksr-icon\" style=\"width: 24px; height: 24px;\"><\/div>\n        <\/div>\n            <div class=\"kksr-star\" style=\"padding-right: 5px\">\n            \n\n<div class=\"kksr-icon\" style=\"width: 24px; height: 24px;\"><\/div>\n        <\/div>\n            <div class=\"kksr-star\" style=\"padding-right: 5px\">\n            \n\n<div class=\"kksr-icon\" style=\"width: 24px; height: 24px;\"><\/div>\n        <\/div>\n    <\/div>\n<\/div>\n                \n\n<div class=\"kksr-legend\" style=\"font-size: 19.2px;\">\n            <span class=\"kksr-muted\">\u0110\u00e1nh gi\u00e1 b\u00e0i vi\u1ebft<\/span>\n    <\/div>\n    <\/div>\n<p><img loading=\"lazy\" decoding=\"async\" src=\"https:\/\/kimkhivugia.com\/noi-that\/wp-content\/uploads\/2026\/04\/z7294116607203_2dd9492d2e62b816f3ecf8101b18a5f9.jpg\" alt=\"\" width=\"2560\" height=\"1441\" class=\"alignnone size-full wp-image-2268\" \/><\/p>\n<p><img loading=\"lazy\" decoding=\"async\" src=\"https:\/\/kimkhivugia.com\/noi-that\/wp-content\/uploads\/2026\/04\/z7294116607773_f33e763746ed988d9ecf6bdb88b678d0.jpg\" alt=\"\" width=\"400\" height=\"225\" class=\"alignnone size-medium wp-image-2269\" \/><\/p>\n<p><img loading=\"lazy\" decoding=\"async\" src=\"https:\/\/kimkhivugia.com\/noi-that\/wp-content\/uploads\/2026\/04\/z7294116618041_0539f83fbe9edbd432c6ab30c76e89c3.jpg\" alt=\"\" width=\"400\" height=\"225\" class=\"alignnone size-medium wp-image-2270\" \/><\/p>\n<p><img loading=\"lazy\" decoding=\"async\" src=\"https:\/\/kimkhivugia.com\/noi-that\/wp-content\/uploads\/2026\/04\/z7294116618189_99cc6f193ed646b7f14f5ceb9cdca1e5.jpg\" alt=\"\" width=\"400\" height=\"225\" class=\"alignnone size-medium wp-image-2271\" \/><\/p>\n<p><img loading=\"lazy\" decoding=\"async\" src=\"https:\/\/kimkhivugia.com\/noi-that\/wp-content\/uploads\/2026\/04\/z7294116628750_57a063abe59ded2cc90f5d61ca70873c.jpg\" alt=\"\" width=\"400\" height=\"225\" class=\"alignnone size-medium wp-image-2272\" \/><\/p>\n<p><img loading=\"lazy\" decoding=\"async\" src=\"https:\/\/kimkhivugia.com\/noi-that\/wp-content\/uploads\/2026\/04\/z7294116628857_4b318aabbe85f58d6f479f855f18f7f7.jpg\" alt=\"\" width=\"225\" height=\"400\" class=\"alignnone size-medium wp-image-2273\" \/><\/p>\n<p><img loading=\"lazy\" decoding=\"async\" src=\"https:\/\/kimkhivugia.com\/noi-that\/wp-content\/uploads\/2026\/04\/z7294116630031_fe1eb789c8c9d458932ceb9afec9f352.jpg\" alt=\"\" width=\"225\" height=\"400\" class=\"alignnone size-medium wp-image-2274\" \/><\/p>\n<p><img loading=\"lazy\" decoding=\"async\" src=\"https:\/\/kimkhivugia.com\/noi-that\/wp-content\/uploads\/2026\/04\/z7294116634008_6b52709cd86fa59cf9173bc9372419d3.jpg\" alt=\"\" width=\"225\" height=\"400\" class=\"alignnone size-medium wp-image-2275\" \/><\/p>\n<p><img loading=\"lazy\" decoding=\"async\" src=\"https:\/\/kimkhivugia.com\/noi-that\/wp-content\/uploads\/2026\/04\/z7294116637153_a5805b03f1658cabbfc7c71d7215e39c.jpg\" alt=\"\" width=\"225\" height=\"400\" class=\"alignnone size-medium wp-image-2276\" \/><\/p>\n","protected":false},"excerpt":{"rendered":"","protected":false},"featured_media":2269,"comment_status":"closed","ping_status":"closed","template":"","meta":[],"product_brand":[],"product_cat":[64],"product_tag":[],"class_list":{"0":"post-2267","1":"product","2":"type-product","3":"status-publish","4":"has-post-thumbnail","6":"product_cat-noi-that-doc-la-noi-that-doc-la","8":"first","9":"instock","10":"shipping-taxable","11":"product-type-simple"},"_links":{"self":[{"href":"https:\/\/kimkhivugia.com\/noi-that\/wp-json\/wp\/v2\/product\/2267","targetHints":{"allow":["GET"]}}],"collection":[{"href":"https:\/\/kimkhivugia.com\/noi-that\/wp-json\/wp\/v2\/product"}],"about":[{"href":"https:\/\/kimkhivugia.com\/noi-that\/wp-json\/wp\/v2\/types\/product"}],"replies":[{"embeddable":true,"href":"https:\/\/kimkhivugia.com\/noi-that\/wp-json\/wp\/v2\/comments?post=2267"}],"wp:featuredmedia":[{"embeddable":true,"href":"https:\/\/kimkhivugia.com\/noi-that\/wp-json\/wp\/v2\/media\/2269"}],"wp:attachment":[{"href":"https:\/\/kimkhivugia.com\/noi-that\/wp-json\/wp\/v2\/media?parent=2267"}],"wp:term":[{"taxonomy":"product_brand","embeddable":true,"href":"https:\/\/kimkhivugia.com\/noi-that\/wp-json\/wp\/v2\/product_brand?post=2267"},{"taxonomy":"product_cat","embeddable":true,"href":"https:\/\/kimkhivugia.com\/noi-that\/wp-json\/wp\/v2\/product_cat?post=2267"},{"taxonomy":"product_tag","embeddable":true,"href":"https:\/\/kimkhivugia.com\/noi-that\/wp-json\/wp\/v2\/product_tag?post=2267"}],"curies":[{"name":"wp","href":"https:\/\/api.w.org\/{rel}","templated":true}]}}