{"id":2248,"date":"2025-11-07T08:52:05","date_gmt":"2025-11-07T01:52:05","guid":{"rendered":"https:\/\/kimkhivugia.com\/noi-that\/?post_type=product&#038;p=2248"},"modified":"2025-11-19T11:50:36","modified_gmt":"2025-11-19T04:50:36","slug":"du-an-toa-nha-orbital-2-quan-12","status":"publish","type":"product","link":"https:\/\/kimkhivugia.com\/noi-that\/du-an-toa-nha-orbital-2-quan-12\/","title":{"rendered":"T\u00f2a nh\u00e0 Orbital 2 qu\u1eadn 12"},"content":{"rendered":"\n\n<div class=\"kk-star-ratings kksr-auto kksr-align-left kksr-valign-top\"\n    data-payload='{&quot;align&quot;:&quot;left&quot;,&quot;id&quot;:&quot;2248&quot;,&quot;slug&quot;:&quot;default&quot;,&quot;valign&quot;:&quot;top&quot;,&quot;ignore&quot;:&quot;&quot;,&quot;reference&quot;:&quot;auto&quot;,&quot;class&quot;:&quot;&quot;,&quot;count&quot;:&quot;0&quot;,&quot;legendonly&quot;:&quot;&quot;,&quot;readonly&quot;:&quot;&quot;,&quot;score&quot;:&quot;0&quot;,&quot;starsonly&quot;:&quot;&quot;,&quot;best&quot;:&quot;5&quot;,&quot;gap&quot;:&quot;5&quot;,&quot;greet&quot;:&quot;\u0110\u00e1nh gi\u00e1 b\u00e0i vi\u1ebft&quot;,&quot;legend&quot;:&quot;0\\\/5 - (0 b\u00ecnh ch\u1ecdn)&quot;,&quot;size&quot;:&quot;24&quot;,&quot;title&quot;:&quot;T\u00f2a nh\u00e0 Orbital 2 qu\u1eadn 12&quot;,&quot;width&quot;:&quot;0&quot;,&quot;_legend&quot;:&quot;{score}\\\/{best} - ({count} {votes})&quot;,&quot;font_factor&quot;:&quot;1.25&quot;}'>\n            \n<div class=\"kksr-stars\">\n    \n<div class=\"kksr-stars-inactive\">\n            <div class=\"kksr-star\" data-star=\"1\" style=\"padding-right: 5px\">\n            \n\n<div class=\"kksr-icon\" style=\"width: 24px; height: 24px;\"><\/div>\n        <\/div>\n            <div class=\"kksr-star\" data-star=\"2\" style=\"padding-right: 5px\">\n            \n\n<div class=\"kksr-icon\" style=\"width: 24px; height: 24px;\"><\/div>\n        <\/div>\n            <div class=\"kksr-star\" data-star=\"3\" style=\"padding-right: 5px\">\n            \n\n<div class=\"kksr-icon\" style=\"width: 24px; height: 24px;\"><\/div>\n        <\/div>\n            <div class=\"kksr-star\" data-star=\"4\" style=\"padding-right: 5px\">\n            \n\n<div class=\"kksr-icon\" style=\"width: 24px; height: 24px;\"><\/div>\n        <\/div>\n            <div class=\"kksr-star\" data-star=\"5\" style=\"padding-right: 5px\">\n            \n\n<div class=\"kksr-icon\" style=\"width: 24px; height: 24px;\"><\/div>\n        <\/div>\n    <\/div>\n    \n<div class=\"kksr-stars-active\" style=\"width: 0px;\">\n            <div class=\"kksr-star\" style=\"padding-right: 5px\">\n            \n\n<div class=\"kksr-icon\" style=\"width: 24px; height: 24px;\"><\/div>\n        <\/div>\n            <div class=\"kksr-star\" style=\"padding-right: 5px\">\n            \n\n<div class=\"kksr-icon\" style=\"width: 24px; height: 24px;\"><\/div>\n        <\/div>\n            <div class=\"kksr-star\" style=\"padding-right: 5px\">\n            \n\n<div class=\"kksr-icon\" style=\"width: 24px; height: 24px;\"><\/div>\n        <\/div>\n            <div class=\"kksr-star\" style=\"padding-right: 5px\">\n            \n\n<div class=\"kksr-icon\" style=\"width: 24px; height: 24px;\"><\/div>\n        <\/div>\n            <div class=\"kksr-star\" style=\"padding-right: 5px\">\n            \n\n<div class=\"kksr-icon\" style=\"width: 24px; height: 24px;\"><\/div>\n        <\/div>\n    <\/div>\n<\/div>\n                \n\n<div class=\"kksr-legend\" style=\"font-size: 19.2px;\">\n            <span class=\"kksr-muted\">\u0110\u00e1nh gi\u00e1 b\u00e0i vi\u1ebft<\/span>\n    <\/div>\n    <\/div>\n<p>T\u00f2a nh\u00e0 Orbital 2<br \/>\nh\u1ea1ng m\u1ee5c th\u00ec c\u00f4ng : m\u1eb7t ti\u1ec1n<br \/>\n<img loading=\"lazy\" decoding=\"async\" src=\"https:\/\/kimkhivugia.com\/noi-that\/wp-content\/uploads\/2025\/11\/z7012478914126_2da6b3186607a1632cbcba69483afb78.jpg\" alt=\"\" width=\"1920\" height=\"2560\" class=\"alignnone size-full wp-image-2252\" \/><\/p>\n<p><img loading=\"lazy\" decoding=\"async\" src=\"https:\/\/kimkhivugia.com\/noi-that\/wp-content\/uploads\/2025\/11\/z7012478912702_57762c35c0a35395908260997030a739-scaled.jpg\" alt=\"\" width=\"2560\" height=\"1920\" class=\"alignnone size-full wp-image-2251\" \/><\/p>\n<p><img loading=\"lazy\" decoding=\"async\" src=\"https:\/\/kimkhivugia.com\/noi-that\/wp-content\/uploads\/2025\/11\/z7012478904737_0576c5decc022d28febd3ba7f4fd7477.jpg\" alt=\"\" width=\"1920\" height=\"2560\" class=\"alignnone size-full wp-image-2250\" \/><\/p>\n","protected":false},"excerpt":{"rendered":"<p>T\u00f2a nh\u00e0 Orbital 2 h\u1ea1ng m\u1ee5c th\u00ec c\u00f4ng : m\u1eb7t ti\u1ec1n<\/p>\n","protected":false},"featured_media":2254,"comment_status":"closed","ping_status":"closed","template":"","meta":[],"product_brand":[],"product_cat":[108],"product_tag":[],"class_list":{"0":"post-2248","1":"product","2":"type-product","3":"status-publish","4":"has-post-thumbnail","6":"product_cat-du-an","8":"first","9":"instock","10":"shipping-taxable","11":"product-type-simple"},"_links":{"self":[{"href":"https:\/\/kimkhivugia.com\/noi-that\/wp-json\/wp\/v2\/product\/2248","targetHints":{"allow":["GET"]}}],"collection":[{"href":"https:\/\/kimkhivugia.com\/noi-that\/wp-json\/wp\/v2\/product"}],"about":[{"href":"https:\/\/kimkhivugia.com\/noi-that\/wp-json\/wp\/v2\/types\/product"}],"replies":[{"embeddable":true,"href":"https:\/\/kimkhivugia.com\/noi-that\/wp-json\/wp\/v2\/comments?post=2248"}],"wp:featuredmedia":[{"embeddable":true,"href":"https:\/\/kimkhivugia.com\/noi-that\/wp-json\/wp\/v2\/media\/2254"}],"wp:attachment":[{"href":"https:\/\/kimkhivugia.com\/noi-that\/wp-json\/wp\/v2\/media?parent=2248"}],"wp:term":[{"taxonomy":"product_brand","embeddable":true,"href":"https:\/\/kimkhivugia.com\/noi-that\/wp-json\/wp\/v2\/product_brand?post=2248"},{"taxonomy":"product_cat","embeddable":true,"href":"https:\/\/kimkhivugia.com\/noi-that\/wp-json\/wp\/v2\/product_cat?post=2248"},{"taxonomy":"product_tag","embeddable":true,"href":"https:\/\/kimkhivugia.com\/noi-that\/wp-json\/wp\/v2\/product_tag?post=2248"}],"curies":[{"name":"wp","href":"https:\/\/api.w.org\/{rel}","templated":true}]}}