{"id":2242,"date":"2025-11-05T14:58:51","date_gmt":"2025-11-05T07:58:51","guid":{"rendered":"https:\/\/kimkhivugia.com\/noi-that\/?post_type=product&#038;p=2242"},"modified":"2025-11-19T11:46:35","modified_gmt":"2025-11-19T04:46:35","slug":"canh-cua-inox-ma-vang","status":"publish","type":"product","link":"https:\/\/kimkhivugia.com\/noi-that\/canh-cua-inox-ma-vang\/","title":{"rendered":"C\u00e1nh c\u1eeda inox m\u1ea1 v\u00e0ng"},"content":{"rendered":"\n\n<div class=\"kk-star-ratings kksr-auto kksr-align-left kksr-valign-top\"\n    data-payload='{&quot;align&quot;:&quot;left&quot;,&quot;id&quot;:&quot;2242&quot;,&quot;slug&quot;:&quot;default&quot;,&quot;valign&quot;:&quot;top&quot;,&quot;ignore&quot;:&quot;&quot;,&quot;reference&quot;:&quot;auto&quot;,&quot;class&quot;:&quot;&quot;,&quot;count&quot;:&quot;0&quot;,&quot;legendonly&quot;:&quot;&quot;,&quot;readonly&quot;:&quot;&quot;,&quot;score&quot;:&quot;0&quot;,&quot;starsonly&quot;:&quot;&quot;,&quot;best&quot;:&quot;5&quot;,&quot;gap&quot;:&quot;5&quot;,&quot;greet&quot;:&quot;\u0110\u00e1nh gi\u00e1 b\u00e0i vi\u1ebft&quot;,&quot;legend&quot;:&quot;0\\\/5 - (0 b\u00ecnh ch\u1ecdn)&quot;,&quot;size&quot;:&quot;24&quot;,&quot;title&quot;:&quot;C\u00e1nh c\u1eeda inox m\u1ea1 v\u00e0ng&quot;,&quot;width&quot;:&quot;0&quot;,&quot;_legend&quot;:&quot;{score}\\\/{best} - ({count} {votes})&quot;,&quot;font_factor&quot;:&quot;1.25&quot;}'>\n            \n<div class=\"kksr-stars\">\n    \n<div class=\"kksr-stars-inactive\">\n            <div class=\"kksr-star\" data-star=\"1\" style=\"padding-right: 5px\">\n            \n\n<div class=\"kksr-icon\" style=\"width: 24px; height: 24px;\"><\/div>\n        <\/div>\n            <div class=\"kksr-star\" data-star=\"2\" style=\"padding-right: 5px\">\n            \n\n<div class=\"kksr-icon\" style=\"width: 24px; height: 24px;\"><\/div>\n        <\/div>\n            <div class=\"kksr-star\" data-star=\"3\" style=\"padding-right: 5px\">\n            \n\n<div class=\"kksr-icon\" style=\"width: 24px; height: 24px;\"><\/div>\n        <\/div>\n            <div class=\"kksr-star\" data-star=\"4\" style=\"padding-right: 5px\">\n            \n\n<div class=\"kksr-icon\" style=\"width: 24px; height: 24px;\"><\/div>\n        <\/div>\n            <div class=\"kksr-star\" data-star=\"5\" style=\"padding-right: 5px\">\n            \n\n<div class=\"kksr-icon\" style=\"width: 24px; height: 24px;\"><\/div>\n        <\/div>\n    <\/div>\n    \n<div class=\"kksr-stars-active\" style=\"width: 0px;\">\n            <div class=\"kksr-star\" style=\"padding-right: 5px\">\n            \n\n<div class=\"kksr-icon\" style=\"width: 24px; height: 24px;\"><\/div>\n        <\/div>\n            <div class=\"kksr-star\" style=\"padding-right: 5px\">\n            \n\n<div class=\"kksr-icon\" style=\"width: 24px; height: 24px;\"><\/div>\n        <\/div>\n            <div class=\"kksr-star\" style=\"padding-right: 5px\">\n            \n\n<div class=\"kksr-icon\" style=\"width: 24px; height: 24px;\"><\/div>\n        <\/div>\n            <div class=\"kksr-star\" style=\"padding-right: 5px\">\n            \n\n<div class=\"kksr-icon\" style=\"width: 24px; height: 24px;\"><\/div>\n        <\/div>\n            <div class=\"kksr-star\" style=\"padding-right: 5px\">\n            \n\n<div class=\"kksr-icon\" style=\"width: 24px; height: 24px;\"><\/div>\n        <\/div>\n    <\/div>\n<\/div>\n                \n\n<div class=\"kksr-legend\" style=\"font-size: 19.2px;\">\n            <span class=\"kksr-muted\">\u0110\u00e1nh gi\u00e1 b\u00e0i vi\u1ebft<\/span>\n    <\/div>\n    <\/div>\n<p>s\u1ea3n ph\u1ea9m c\u00e1nh c\u1eeda inox 304 m\u1ea1 v\u00e0ng xu\u1ea5t kh\u1ea9u sang th\u1ecb tr\u01b0\u1eddng Ch\u00e2u \u00c2u<br \/>\n<img loading=\"lazy\" decoding=\"async\" src=\"https:\/\/kimkhivugia.com\/noi-that\/wp-content\/uploads\/2025\/11\/486706307_1260351222765771_4753950793660811073_n.jpg\" alt=\"\" width=\"900\" height=\"900\" class=\"alignnone size-full wp-image-2247\" \/><\/p>\n<p><img loading=\"lazy\" decoding=\"async\" src=\"https:\/\/kimkhivugia.com\/noi-that\/wp-content\/uploads\/2025\/11\/486609412_1260351596099067_6488651612549155001_n.jpg\" alt=\"\" width=\"900\" height=\"900\" class=\"alignnone size-full wp-image-2245\" \/><\/p>\n<p><img loading=\"lazy\" decoding=\"async\" src=\"https:\/\/kimkhivugia.com\/noi-that\/wp-content\/uploads\/2025\/11\/486636408_1260351516099075_8498624006197434799_n.jpg\" alt=\"\" width=\"900\" height=\"900\" class=\"alignnone size-full wp-image-2246\" \/><\/p>\n<p><img loading=\"lazy\" decoding=\"async\" src=\"https:\/\/kimkhivugia.com\/noi-that\/wp-content\/uploads\/2025\/11\/486501892_1260351472765746_4385261592448758901_n.jpg\" alt=\"\" width=\"900\" height=\"900\" class=\"alignnone size-full wp-image-2244\" \/><\/p>\n<p><img loading=\"lazy\" decoding=\"async\" src=\"https:\/\/kimkhivugia.com\/noi-that\/wp-content\/uploads\/2025\/11\/486038386_1260351356099091_2233672394707190993_n.jpg\" alt=\"\" width=\"900\" height=\"900\" class=\"alignnone size-full wp-image-2243\" \/><\/p>\n","protected":false},"excerpt":{"rendered":"<p>s\u1ea3n ph\u1ea9m c\u00e1nh c\u1eeda inox 304 m\u1ea1 v\u00e0ng xu\u1ea5t kh\u1ea9u sang th\u1ecb tr\u01b0\u1eddng Ch\u00e2u \u00c2u<\/p>\n","protected":false},"featured_media":2247,"comment_status":"closed","ping_status":"closed","template":"","meta":[],"product_brand":[],"product_cat":[45],"product_tag":[],"class_list":{"0":"post-2242","1":"product","2":"type-product","3":"status-publish","4":"has-post-thumbnail","6":"product_cat-tu-inox","8":"first","9":"instock","10":"shipping-taxable","11":"product-type-simple"},"_links":{"self":[{"href":"https:\/\/kimkhivugia.com\/noi-that\/wp-json\/wp\/v2\/product\/2242","targetHints":{"allow":["GET"]}}],"collection":[{"href":"https:\/\/kimkhivugia.com\/noi-that\/wp-json\/wp\/v2\/product"}],"about":[{"href":"https:\/\/kimkhivugia.com\/noi-that\/wp-json\/wp\/v2\/types\/product"}],"replies":[{"embeddable":true,"href":"https:\/\/kimkhivugia.com\/noi-that\/wp-json\/wp\/v2\/comments?post=2242"}],"wp:featuredmedia":[{"embeddable":true,"href":"https:\/\/kimkhivugia.com\/noi-that\/wp-json\/wp\/v2\/media\/2247"}],"wp:attachment":[{"href":"https:\/\/kimkhivugia.com\/noi-that\/wp-json\/wp\/v2\/media?parent=2242"}],"wp:term":[{"taxonomy":"product_brand","embeddable":true,"href":"https:\/\/kimkhivugia.com\/noi-that\/wp-json\/wp\/v2\/product_brand?post=2242"},{"taxonomy":"product_cat","embeddable":true,"href":"https:\/\/kimkhivugia.com\/noi-that\/wp-json\/wp\/v2\/product_cat?post=2242"},{"taxonomy":"product_tag","embeddable":true,"href":"https:\/\/kimkhivugia.com\/noi-that\/wp-json\/wp\/v2\/product_tag?post=2242"}],"curies":[{"name":"wp","href":"https:\/\/api.w.org\/{rel}","templated":true}]}}