{"id":2229,"date":"2025-11-05T14:46:09","date_gmt":"2025-11-05T07:46:09","guid":{"rendered":"https:\/\/kimkhivugia.com\/noi-that\/?post_type=product&#038;p=2229"},"modified":"2025-11-19T11:49:45","modified_gmt":"2025-11-19T04:49:45","slug":"lam-nhom-san-bay-long-thanh","status":"publish","type":"product","link":"https:\/\/kimkhivugia.com\/noi-that\/lam-nhom-san-bay-long-thanh\/","title":{"rendered":"S\u00e2n bay Long Th\u00e0nh"},"content":{"rendered":"\n\n<div class=\"kk-star-ratings kksr-auto kksr-align-left kksr-valign-top\"\n    data-payload='{&quot;align&quot;:&quot;left&quot;,&quot;id&quot;:&quot;2229&quot;,&quot;slug&quot;:&quot;default&quot;,&quot;valign&quot;:&quot;top&quot;,&quot;ignore&quot;:&quot;&quot;,&quot;reference&quot;:&quot;auto&quot;,&quot;class&quot;:&quot;&quot;,&quot;count&quot;:&quot;1&quot;,&quot;legendonly&quot;:&quot;&quot;,&quot;readonly&quot;:&quot;&quot;,&quot;score&quot;:&quot;5&quot;,&quot;starsonly&quot;:&quot;&quot;,&quot;best&quot;:&quot;5&quot;,&quot;gap&quot;:&quot;5&quot;,&quot;greet&quot;:&quot;\u0110\u00e1nh gi\u00e1 b\u00e0i vi\u1ebft&quot;,&quot;legend&quot;:&quot;5\\\/5 - (1 b\u00ecnh ch\u1ecdn)&quot;,&quot;size&quot;:&quot;24&quot;,&quot;title&quot;:&quot;S\u00e2n bay Long Th\u00e0nh&quot;,&quot;width&quot;:&quot;142.5&quot;,&quot;_legend&quot;:&quot;{score}\\\/{best} - ({count} {votes})&quot;,&quot;font_factor&quot;:&quot;1.25&quot;}'>\n            \n<div class=\"kksr-stars\">\n    \n<div class=\"kksr-stars-inactive\">\n            <div class=\"kksr-star\" data-star=\"1\" style=\"padding-right: 5px\">\n            \n\n<div class=\"kksr-icon\" style=\"width: 24px; height: 24px;\"><\/div>\n        <\/div>\n            <div class=\"kksr-star\" data-star=\"2\" style=\"padding-right: 5px\">\n            \n\n<div class=\"kksr-icon\" style=\"width: 24px; height: 24px;\"><\/div>\n        <\/div>\n            <div class=\"kksr-star\" data-star=\"3\" style=\"padding-right: 5px\">\n            \n\n<div class=\"kksr-icon\" style=\"width: 24px; height: 24px;\"><\/div>\n        <\/div>\n            <div class=\"kksr-star\" data-star=\"4\" style=\"padding-right: 5px\">\n            \n\n<div class=\"kksr-icon\" style=\"width: 24px; height: 24px;\"><\/div>\n        <\/div>\n            <div class=\"kksr-star\" data-star=\"5\" style=\"padding-right: 5px\">\n            \n\n<div class=\"kksr-icon\" style=\"width: 24px; height: 24px;\"><\/div>\n        <\/div>\n    <\/div>\n    \n<div class=\"kksr-stars-active\" style=\"width: 142.5px;\">\n            <div class=\"kksr-star\" style=\"padding-right: 5px\">\n            \n\n<div class=\"kksr-icon\" style=\"width: 24px; height: 24px;\"><\/div>\n        <\/div>\n            <div class=\"kksr-star\" style=\"padding-right: 5px\">\n            \n\n<div class=\"kksr-icon\" style=\"width: 24px; height: 24px;\"><\/div>\n        <\/div>\n            <div class=\"kksr-star\" style=\"padding-right: 5px\">\n            \n\n<div class=\"kksr-icon\" style=\"width: 24px; height: 24px;\"><\/div>\n        <\/div>\n            <div class=\"kksr-star\" style=\"padding-right: 5px\">\n            \n\n<div class=\"kksr-icon\" style=\"width: 24px; height: 24px;\"><\/div>\n        <\/div>\n            <div class=\"kksr-star\" style=\"padding-right: 5px\">\n            \n\n<div class=\"kksr-icon\" style=\"width: 24px; height: 24px;\"><\/div>\n        <\/div>\n    <\/div>\n<\/div>\n                \n\n<div class=\"kksr-legend\" style=\"font-size: 19.2px;\">\n            5\/5 - (1 b\u00ecnh ch\u1ecdn)    <\/div>\n    <\/div>\n<p>D\u1ef1 \u00e1n s\u00e2n bayh Long Th\u00e0nh<br \/>\nh\u1ea1ng m\u1ee5c th\u1ef1c hi\u1ec7n , lam nh\u00f4m<br \/>\n<img loading=\"lazy\" decoding=\"async\" src=\"https:\/\/kimkhivugia.com\/noi-that\/wp-content\/uploads\/2025\/11\/lam-nhom-5.png\" alt=\"\" width=\"400\" height=\"225\" class=\"alignnone size-medium wp-image-2231\" \/><\/p>\n<p><img loading=\"lazy\" decoding=\"async\" src=\"https:\/\/kimkhivugia.com\/noi-that\/wp-content\/uploads\/2025\/11\/lam-nhom-4.png\" alt=\"\" width=\"400\" height=\"225\" class=\"alignnone size-medium wp-image-2232\" \/><\/p>\n<p><img loading=\"lazy\" decoding=\"async\" src=\"https:\/\/kimkhivugia.com\/noi-that\/wp-content\/uploads\/2025\/11\/lam-nhom-3.png\" alt=\"\" width=\"400\" height=\"225\" class=\"alignnone size-medium wp-image-2233\" \/><\/p>\n<p><img loading=\"lazy\" decoding=\"async\" src=\"https:\/\/kimkhivugia.com\/noi-that\/wp-content\/uploads\/2025\/11\/lam-nhom-2.png\" alt=\"\" width=\"400\" height=\"225\" class=\"alignnone size-medium wp-image-2234\" \/><\/p>\n<p><img loading=\"lazy\" decoding=\"async\" src=\"https:\/\/kimkhivugia.com\/noi-that\/wp-content\/uploads\/2025\/11\/lam-nhom.png\" alt=\"\" width=\"400\" height=\"225\" class=\"alignnone size-medium wp-image-2235\" \/><\/p>\n","protected":false},"excerpt":{"rendered":"<p>D\u1ef1 \u00e1n s\u00e2n bayh Long Th\u00e0nh h\u1ea1ng m\u1ee5c th\u1ef1c hi\u1ec7n , lam nh\u00f4m<\/p>\n","protected":false},"featured_media":2230,"comment_status":"closed","ping_status":"closed","template":"","meta":[],"product_brand":[],"product_cat":[108],"product_tag":[],"class_list":{"0":"post-2229","1":"product","2":"type-product","3":"status-publish","4":"has-post-thumbnail","6":"product_cat-du-an","8":"first","9":"instock","10":"shipping-taxable","11":"product-type-simple"},"_links":{"self":[{"href":"https:\/\/kimkhivugia.com\/noi-that\/wp-json\/wp\/v2\/product\/2229","targetHints":{"allow":["GET"]}}],"collection":[{"href":"https:\/\/kimkhivugia.com\/noi-that\/wp-json\/wp\/v2\/product"}],"about":[{"href":"https:\/\/kimkhivugia.com\/noi-that\/wp-json\/wp\/v2\/types\/product"}],"replies":[{"embeddable":true,"href":"https:\/\/kimkhivugia.com\/noi-that\/wp-json\/wp\/v2\/comments?post=2229"}],"wp:featuredmedia":[{"embeddable":true,"href":"https:\/\/kimkhivugia.com\/noi-that\/wp-json\/wp\/v2\/media\/2230"}],"wp:attachment":[{"href":"https:\/\/kimkhivugia.com\/noi-that\/wp-json\/wp\/v2\/media?parent=2229"}],"wp:term":[{"taxonomy":"product_brand","embeddable":true,"href":"https:\/\/kimkhivugia.com\/noi-that\/wp-json\/wp\/v2\/product_brand?post=2229"},{"taxonomy":"product_cat","embeddable":true,"href":"https:\/\/kimkhivugia.com\/noi-that\/wp-json\/wp\/v2\/product_cat?post=2229"},{"taxonomy":"product_tag","embeddable":true,"href":"https:\/\/kimkhivugia.com\/noi-that\/wp-json\/wp\/v2\/product_tag?post=2229"}],"curies":[{"name":"wp","href":"https:\/\/api.w.org\/{rel}","templated":true}]}}