{"id":1803,"date":"2025-08-24T10:11:20","date_gmt":"2025-08-24T03:11:20","guid":{"rendered":"https:\/\/kimkhivugia.com\/noi-that\/bao-chan-kim-loai\/"},"modified":"2025-09-25T09:47:21","modified_gmt":"2025-09-25T02:47:21","slug":"bao-chan-kim-loai","status":"publish","type":"product","link":"https:\/\/kimkhivugia.com\/noi-that\/bao-chan-kim-loai\/","title":{"rendered":"B\u00c0O T\u1ea4M KIM LO\u1ea0I"},"content":{"rendered":"\n\n<div class=\"kk-star-ratings kksr-auto kksr-align-left kksr-valign-top\"\n    data-payload='{&quot;align&quot;:&quot;left&quot;,&quot;id&quot;:&quot;1803&quot;,&quot;slug&quot;:&quot;default&quot;,&quot;valign&quot;:&quot;top&quot;,&quot;ignore&quot;:&quot;&quot;,&quot;reference&quot;:&quot;auto&quot;,&quot;class&quot;:&quot;&quot;,&quot;count&quot;:&quot;0&quot;,&quot;legendonly&quot;:&quot;&quot;,&quot;readonly&quot;:&quot;&quot;,&quot;score&quot;:&quot;0&quot;,&quot;starsonly&quot;:&quot;&quot;,&quot;best&quot;:&quot;5&quot;,&quot;gap&quot;:&quot;5&quot;,&quot;greet&quot;:&quot;\u0110\u00e1nh gi\u00e1 b\u00e0i vi\u1ebft&quot;,&quot;legend&quot;:&quot;0\\\/5 - (0 b\u00ecnh ch\u1ecdn)&quot;,&quot;size&quot;:&quot;24&quot;,&quot;title&quot;:&quot;B\u00c0O T\u1ea4M KIM LO\u1ea0I&quot;,&quot;width&quot;:&quot;0&quot;,&quot;_legend&quot;:&quot;{score}\\\/{best} - ({count} {votes})&quot;,&quot;font_factor&quot;:&quot;1.25&quot;}'>\n            \n<div class=\"kksr-stars\">\n    \n<div class=\"kksr-stars-inactive\">\n            <div class=\"kksr-star\" data-star=\"1\" style=\"padding-right: 5px\">\n            \n\n<div class=\"kksr-icon\" style=\"width: 24px; height: 24px;\"><\/div>\n        <\/div>\n            <div class=\"kksr-star\" data-star=\"2\" style=\"padding-right: 5px\">\n            \n\n<div class=\"kksr-icon\" style=\"width: 24px; height: 24px;\"><\/div>\n        <\/div>\n            <div class=\"kksr-star\" data-star=\"3\" style=\"padding-right: 5px\">\n            \n\n<div class=\"kksr-icon\" style=\"width: 24px; height: 24px;\"><\/div>\n        <\/div>\n            <div class=\"kksr-star\" data-star=\"4\" style=\"padding-right: 5px\">\n            \n\n<div class=\"kksr-icon\" style=\"width: 24px; height: 24px;\"><\/div>\n        <\/div>\n            <div class=\"kksr-star\" data-star=\"5\" style=\"padding-right: 5px\">\n            \n\n<div class=\"kksr-icon\" style=\"width: 24px; height: 24px;\"><\/div>\n        <\/div>\n    <\/div>\n    \n<div class=\"kksr-stars-active\" style=\"width: 0px;\">\n            <div class=\"kksr-star\" style=\"padding-right: 5px\">\n            \n\n<div class=\"kksr-icon\" style=\"width: 24px; height: 24px;\"><\/div>\n        <\/div>\n            <div class=\"kksr-star\" style=\"padding-right: 5px\">\n            \n\n<div class=\"kksr-icon\" style=\"width: 24px; height: 24px;\"><\/div>\n        <\/div>\n            <div class=\"kksr-star\" style=\"padding-right: 5px\">\n            \n\n<div class=\"kksr-icon\" style=\"width: 24px; height: 24px;\"><\/div>\n        <\/div>\n            <div class=\"kksr-star\" style=\"padding-right: 5px\">\n            \n\n<div class=\"kksr-icon\" style=\"width: 24px; height: 24px;\"><\/div>\n        <\/div>\n            <div class=\"kksr-star\" style=\"padding-right: 5px\">\n            \n\n<div class=\"kksr-icon\" style=\"width: 24px; height: 24px;\"><\/div>\n        <\/div>\n    <\/div>\n<\/div>\n                \n\n<div class=\"kksr-legend\" style=\"font-size: 19.2px;\">\n            <span class=\"kksr-muted\">\u0110\u00e1nh gi\u00e1 b\u00e0i vi\u1ebft<\/span>\n    <\/div>\n    <\/div>\n<p>Nh\u1eadn gia c\u00f4ng b\u00e0o r\u00e3nh kim lo\u1ea1i uy t\u00edn, t\u1ea1o r\u00e3nh ch\u00ednh x\u00e1c, th\u1ea9m m\u1ef9 cao. B\u00e0o r\u00e3nh gia c\u00f4ng hay x\u1ebb r\u00e3nh\u00a0l\u00e0 c\u00f4ng \u0111o\u1ea1n t\u1ea1o r\u00e3nh cho b\u1ec1 m\u1eb7t kim lo\u1ea1i r\u1ea5t quan tr\u1ecdng, tr\u01b0\u1edbc khi chuy\u1ec3n qua giai \u0111o\u1ea1n ch\u1ea5n b\u1ebb. Qu\u00e1 tr\u00ecnh b\u00e0o r\u00e3nh V gia c\u00f4ng b\u1eb1ng m\u00e1y b\u00e0o r\u00e3nh V CNC l\u00e0 qu\u00e1 tr\u00ecnh t\u1ea1o r\u00e3nh tr\u00ean b\u1ec1 m\u1eb7t kim lo\u1ea1i \u0111\u01b0\u1ee3c l\u1eadp tr\u00ecnh s\u1eb5n tr\u00ean m\u00e0n h\u00ecnh m\u00e1y t\u00ednh \u0111i\u1ec1u khi\u1ec3n.<\/p>\n<p>B\u00e0o r\u00e3nh gia c\u00f4ng \u0111\u01b0\u1ee3c \u1ee9ng d\u1ee5ng r\u1ed9ng r\u00e3i trong c\u00e1c ng\u00e0nh c\u01a1 kh\u00ed, ch\u1ebf t\u1ea1o m\u00e1y\u2026 C\u00e1c lo\u1ea1i m\u00e1y b\u00e0o r\u00e3nh ho\u1ea1t \u0111\u1ed9ng d\u1ef1a tr\u00ean nguy\u00ean l\u00fd t\u1ef1 \u0111\u1ed9ng, x\u00e1c \u0111\u1ecbnh \u0111i\u1ec3m b\u00e0o ch\u00ednh x\u00e1c, \u00edt sai l\u1ec7ch. V\u00ec th\u1ebf, h\u1ea7u h\u1ebft c\u00e1c \u0111\u01a1n v\u1ecb gia c\u00f4ng c\u01a1 kh\u00ed \u0111\u1ec1u s\u1eed d\u1ee5ng m\u00e1y b\u00e0o r\u00e3nh thay cho c\u00e1c lo\u1ea1i thi\u1ebft b\u1ecb b\u00e0o b\u1eb1ng tay truy\u1ec1n th\u1ed1ng, kh\u00f4ng mang l\u1ea1i hi\u1ec7u qu\u1ea3 cao trong c\u00f4ng vi\u1ec7c.<\/p>\n<p><img loading=\"lazy\" decoding=\"async\" class=\"alignnone size-full wp-image-2109\" src=\"https:\/\/kimkhivugia.com\/noi-that\/wp-content\/uploads\/2025\/09\/z7027643977640_287d5daa24c7b3c4b75b57a3abc41c1c.jpg\" alt=\"\" width=\"2560\" height=\"1441\" \/><\/p>\n<p>&nbsp;<\/p>\n<h2 style=\"box-sizing: border-box; color: #303030; width: 840px; margin-top: 0px; margin-bottom: 0.5em; text-rendering: optimizespeed; font-size: 1.6em; line-height: 1.3;\">\u01afU \u0110I\u1ec2M V\u00c0 C\u00c1C S\u1ea2N PH\u1ea8M C\u1ee6A B\u00c0O R\u00c3NH V CNC ?<\/h2>\n<ul style=\"box-sizing: border-box; list-style-position: initial; list-style-image: initial; margin-top: 0px; padding: 0px; margin-bottom: 1.3em;\">\n<li style=\"box-sizing: border-box; margin-bottom: 0.6em; margin-left: 1.3em;\">\n<h3 style=\"box-sizing: border-box; color: #303030; width: 819.203px; margin-top: 0px; margin-bottom: 0.5em; text-rendering: optimizespeed; font-size: 1.25em;\">\u01afu \u0111i\u1ec3m c\u1ee7a b\u00e0o r\u00e3nh V CNC<\/h3>\n<\/li>\n<li>C\u00e1c m\u00e1y\u00a0b\u00e0o r\u00e3nh gia c\u00f4ng\u00a0\u0111\u01b0\u1ee3c thi\u1ebft l\u1eadp v\u1edbi c\u00e1c th\u00f4ng s\u1ed1 c\u1ed1 \u0111\u1ecbnh, v\u00ec th\u1ebf ho\u1ea1t \u0111\u1ed9ng ch\u00ednh x\u00e1c v\u00e0 \u1ed5n \u0111\u1ecbnh. Nh\u1edd th\u1ebf, c\u00e1c kim lo\u1ea1i t\u1ea5m nh\u01b0 inox \u0111\u01b0\u1ee3c x\u1eed l\u00fd t\u1eeb c\u00e1c m\u00e1y b\u00e0o r\u00e3nh c\u00f3 t\u00ednh th\u1ea9m m\u1ef9 r\u1ea5t cao, \u0111\u1ea3m b\u1ea3o ch\u00ednh x\u00e1c \u0111\u1ebfn t\u1eebng chi ti\u1ebft.<\/li>\n<\/ul>\n<p>C\u00e1c m\u00e1y b\u00e0o r\u00e3nh cnc ho\u1ea1t \u0111\u1ed9ng c\u00f4ng su\u1ea5t l\u1edbn n\u00ean ti\u1ebft ki\u1ec7m \u0111\u01b0\u1ee3c th\u1eddi gian gia c\u00f4ng v\u00e0 ti\u1ebft ki\u1ec7m \u0111\u01b0\u1ee3c nh\u00e2n c\u00f4ng, ch\u1ec9 c\u1ea7n 1 ng k\u1ef9 s\u01b0 v\u1eadn h\u00e0nh l\u00e0 \u0111\u1ee7.<\/p>\n<p>M\u00e1y b\u00e0o r\u00e3nh \u0111\u01b0\u1ee3c c\u1ea5u t\u1ea1o t\u1eeb nh\u1eefng l\u01b0\u1ee1i b\u00e0o s\u1eafc b\u00e9n, nh\u1edd th\u1ebf c\u00e1c r\u00e3nh b\u00e0o \u0111\u1ea3m b\u1ea3o ch\u00ednh x\u00e1c m\u1ed9t c\u00e1ch t\u1ed1i \u0111a.<\/p>\n<p>M\u00e1y b\u00e0o r\u00e3nh gia c\u00f4ng \u0111\u01b0\u1ee3c c\u1ea5u t\u1ea1o v\u1edbi b\u1ed9 \u0111i\u1ec1u khi\u1ec3n t\u1ef1 \u0111\u1ed9ng. V\u00ec th\u1ebf, k\u1ef9 s\u01b0 ch\u1ec9 c\u1ea7n \u0111i\u1ec1u khi\u1ec3n th\u00f4ng qua b\u1ed9 \u0111i\u1ec1u khi\u1ec3n t\u1ef1 \u0111\u1ed9ng v\u00e0 d\u1ec5 d\u00e0ng \u0111i\u1ec1u ch\u1ec9nh th\u00f4ng s\u1ed1 n\u1ebfu c\u00f3 l\u1ed7i x\u1ea3y ra, n\u1ebfu qu\u00e1 tr\u00ecnh b\u00e0o c\u00f3 l\u1ed7i x\u1ea3y ra th\u00ec h\u1ec7 th\u1ed1ng m\u00e1y t\u00ednh s\u1ebd t\u1ef1 \u0111\u1ed9ng d\u1eebng l\u1ea1i.<\/p>\n<ul style=\"box-sizing: border-box; list-style-position: initial; list-style-image: initial; margin-top: 0px; padding: 0px; margin-bottom: 1.3em;\">\n<li style=\"box-sizing: border-box; margin-bottom: 0.6em; margin-left: 1.3em;\">\n<h3 style=\"box-sizing: border-box; color: #303030; width: 819.203px; margin-top: 0px; margin-bottom: 0.5em; text-rendering: optimizespeed; font-size: 1.25em;\">C\u00e1c s\u1ea3n ph\u1ea9m t\u1eeb b\u00e0o r\u00e3nh V CNC \u0111\u00e3 ch\u1ea5n d\u1eadp<\/h3>\n<\/li>\n<\/ul>\n<p>\u200b<img decoding=\"async\" title=\"hieuunganh_com_5c99dac7d9411201\" src=\"https:\/\/kimkhivugia.com\/noi-that\/wp-content\/uploads\/2025\/08\/hieuunganh_com_5c99dac7d9411201.png\" \/><\/p>\n<ul style=\"box-sizing: border-box; list-style-position: initial; list-style-image: initial; margin-top: 0px; padding: 0px; margin-bottom: 1.3em;\">\n<li style=\"box-sizing: border-box; margin-bottom: 0.6em; margin-left: 1.3em;\">\n<h2 style=\"box-sizing: border-box; color: #303030; width: 840px; margin-top: 0px; margin-bottom: 0.5em; text-rendering: optimizespeed; font-size: 1.6em; line-height: 1.3; font-family: Roboto, sans-serif;\">KIM KH\u00cd V\u0168 GIA \u2013 \u0110\u01a0N V\u1eca CHUY\u00caN B\u00c0O R\u00c3NH GIA C\u00d4NG CNC UY T\u00cdN<\/h2>\n<p>Kh\u00f4ng kh\u00f3 \u0111\u1ec3 Kh\u00e1ch H\u00e0ng c\u00f3 th\u1ec3 t\u00ecm c\u01a1 s\u1edf nh\u1eadn b\u00e0o r\u00e3nh V gia c\u00f4ng tr\u00ean th\u1ecb tr\u01b0\u1eddng hi\u1ec7n nay. Nh\u01b0ng ch\u1ea5t l\u01b0\u1ee3ng s\u1ea3n ph\u1ea9m v\u00e0 gi\u00e1 gia c\u00f4ng c\u1ee7a m\u1ed7i \u0111\u01a1n v\u1ecb l\u00e0 kh\u00e1c nhau.<\/li>\n<li style=\"box-sizing: border-box; margin-bottom: 0.6em; margin-left: 1.3em;\">\n<div>Lu\u00f4n \u0111\u1eb7t l\u1ee3i \u00edch kh\u00e1ch h\u00e0ng l\u00ean h\u00e0ng \u0111\u1ea7u, ch\u00fang t\u00f4i chuy\u00ean nh\u1eadn\u00a0gia c\u00f4ng r\u00e3nh V, t\u1eeb b\u00e0o r\u00e3nh gia c\u00f4ng \u0111\u1ebfn gia c\u00f4ng \u0111\u1ed9t d\u1eadp, ch\u1ea5n b\u1ebb hay c\u1eaft laser CNC,\u2026 v\u1edbi cam k\u1ebft mang l\u1ea1i s\u1ea3n ph\u1ea9m ch\u1ea5t l\u01b0\u1ee3ng nh\u1ea5t cho Kh\u00e1ch H\u00e0ng.<\/div>\n<\/li>\n<li style=\"box-sizing: border-box; margin-bottom: 0.6em; margin-left: 1.3em;\">\n<div>\u0110\u1ec3 \u0111\u1ea3m b\u1ea3o ch\u1ea5t l\u01b0\u1ee3ng ph\u00f4i \u0111\u01b0\u1ee3c gia c\u00f4ng ch\u00ednh x\u00e1c, Kh\u00e1ch H\u00e0ng n\u00ean g\u1eedi tr\u01b0\u1edbc y\u00eau c\u1ea7u cho ch\u00fang t\u00f4i \u0111\u1ec3 \u0111\u01b0\u1ee3c v\u1ea5n k\u1ef9 l\u01b0\u1ee1ng. Ch\u00fang t\u00f4i\u00a0nh\u1eadn\u00a0gia c\u00f4ng soi r\u00e3nh V\u00a0theo y\u00eau c\u1ea7u c\u1ee7a kh\u00e1ch h\u00e0ng. \u0110\u1ec3 \u0111\u01b0\u1ee3c t\u01b0 v\u1ea5n mi\u1ec5n ph\u00ed c\u0169ng nh\u01b0 gi\u1ea3i \u0111\u00e1p m\u1ecdi th\u1eafc m\u1eafc v\u1ec1 d\u1ecbch v\u1ee5 n\u00e0y, qu\u00fd kh\u00e1ch h\u00e0ng vui l\u00f2ng li\u00ean h\u1ec7 qua c\u00e1c h\u00ecnh th\u1ee9c d\u01b0\u1edbi \u0111\u00e2y:<\/div>\n<\/li>\n<\/ul>\n<p data-start=\"217\" data-end=\"545\"><img loading=\"lazy\" decoding=\"async\" class=\"alignnone size-full wp-image-2115\" style=\"font-size: 14.4px;\" src=\"https:\/\/kimkhivugia.com\/noi-that\/wp-content\/uploads\/2025\/09\/z7027643995357_bab7316de15aa6f6dbd76e3ffbddb537.jpg\" alt=\"\" width=\"2560\" height=\"1441\" \/><\/p>\n","protected":false},"excerpt":{"rendered":"<p>Nh\u1eadn gia c\u00f4ng b\u00e0o r\u00e3nh kim lo\u1ea1i uy t\u00edn, t\u1ea1o r\u00e3nh ch\u00ednh x\u00e1c, th\u1ea9m m\u1ef9 cao. B\u00e0o r\u00e3nh gia c\u00f4ng hay x\u1ebb r\u00e3nh\u00a0l\u00e0 c\u00f4ng \u0111o\u1ea1n t\u1ea1o r\u00e3nh cho b\u1ec1 m\u1eb7t kim lo\u1ea1i r\u1ea5t quan tr\u1ecdng, tr\u01b0\u1edbc khi chuy\u1ec3n qua giai \u0111o\u1ea1n ch\u1ea5n b\u1ebb. Qu\u00e1 tr\u00ecnh b\u00e0o r\u00e3nh V gia c\u00f4ng b\u1eb1ng m\u00e1y b\u00e0o r\u00e3nh V&#8230;<\/p>\n","protected":false},"featured_media":2115,"comment_status":"closed","ping_status":"closed","template":"","meta":[],"product_brand":[],"product_cat":[96],"product_tag":[],"class_list":{"0":"post-1803","1":"product","2":"type-product","3":"status-publish","4":"has-post-thumbnail","6":"product_cat-bao-ranh-v-kim-loai","8":"first","9":"instock","10":"shipping-taxable","11":"purchasable","12":"product-type-simple"},"_links":{"self":[{"href":"https:\/\/kimkhivugia.com\/noi-that\/wp-json\/wp\/v2\/product\/1803","targetHints":{"allow":["GET"]}}],"collection":[{"href":"https:\/\/kimkhivugia.com\/noi-that\/wp-json\/wp\/v2\/product"}],"about":[{"href":"https:\/\/kimkhivugia.com\/noi-that\/wp-json\/wp\/v2\/types\/product"}],"replies":[{"embeddable":true,"href":"https:\/\/kimkhivugia.com\/noi-that\/wp-json\/wp\/v2\/comments?post=1803"}],"wp:featuredmedia":[{"embeddable":true,"href":"https:\/\/kimkhivugia.com\/noi-that\/wp-json\/wp\/v2\/media\/2115"}],"wp:attachment":[{"href":"https:\/\/kimkhivugia.com\/noi-that\/wp-json\/wp\/v2\/media?parent=1803"}],"wp:term":[{"taxonomy":"product_brand","embeddable":true,"href":"https:\/\/kimkhivugia.com\/noi-that\/wp-json\/wp\/v2\/product_brand?post=1803"},{"taxonomy":"product_cat","embeddable":true,"href":"https:\/\/kimkhivugia.com\/noi-that\/wp-json\/wp\/v2\/product_cat?post=1803"},{"taxonomy":"product_tag","embeddable":true,"href":"https:\/\/kimkhivugia.com\/noi-that\/wp-json\/wp\/v2\/product_tag?post=1803"}],"curies":[{"name":"wp","href":"https:\/\/api.w.org\/{rel}","templated":true}]}}