{"id":1796,"date":"2025-08-24T10:11:13","date_gmt":"2025-08-24T03:11:13","guid":{"rendered":"https:\/\/kimkhivugia.com\/noi-that\/chan-khay-hop\/"},"modified":"2025-09-25T10:19:48","modified_gmt":"2025-09-25T03:19:48","slug":"chan-khay-hop","status":"publish","type":"product","link":"https:\/\/kimkhivugia.com\/noi-that\/chan-khay-hop\/","title":{"rendered":"CH\u1ea4N \u0110\u1ecaNH H\u00ccNH KIM LO\u1ea0I"},"content":{"rendered":"\n\n<div class=\"kk-star-ratings kksr-auto kksr-align-left kksr-valign-top\"\n    data-payload='{&quot;align&quot;:&quot;left&quot;,&quot;id&quot;:&quot;1796&quot;,&quot;slug&quot;:&quot;default&quot;,&quot;valign&quot;:&quot;top&quot;,&quot;ignore&quot;:&quot;&quot;,&quot;reference&quot;:&quot;auto&quot;,&quot;class&quot;:&quot;&quot;,&quot;count&quot;:&quot;0&quot;,&quot;legendonly&quot;:&quot;&quot;,&quot;readonly&quot;:&quot;&quot;,&quot;score&quot;:&quot;0&quot;,&quot;starsonly&quot;:&quot;&quot;,&quot;best&quot;:&quot;5&quot;,&quot;gap&quot;:&quot;5&quot;,&quot;greet&quot;:&quot;\u0110\u00e1nh gi\u00e1 b\u00e0i vi\u1ebft&quot;,&quot;legend&quot;:&quot;0\\\/5 - (0 b\u00ecnh ch\u1ecdn)&quot;,&quot;size&quot;:&quot;24&quot;,&quot;title&quot;:&quot;CH\u1ea4N \u0110\u1ecaNH H\u00ccNH KIM LO\u1ea0I&quot;,&quot;width&quot;:&quot;0&quot;,&quot;_legend&quot;:&quot;{score}\\\/{best} - ({count} {votes})&quot;,&quot;font_factor&quot;:&quot;1.25&quot;}'>\n            \n<div class=\"kksr-stars\">\n    \n<div class=\"kksr-stars-inactive\">\n            <div class=\"kksr-star\" data-star=\"1\" style=\"padding-right: 5px\">\n            \n\n<div class=\"kksr-icon\" style=\"width: 24px; height: 24px;\"><\/div>\n        <\/div>\n            <div class=\"kksr-star\" data-star=\"2\" style=\"padding-right: 5px\">\n            \n\n<div class=\"kksr-icon\" style=\"width: 24px; height: 24px;\"><\/div>\n        <\/div>\n            <div class=\"kksr-star\" data-star=\"3\" style=\"padding-right: 5px\">\n            \n\n<div class=\"kksr-icon\" style=\"width: 24px; height: 24px;\"><\/div>\n        <\/div>\n            <div class=\"kksr-star\" data-star=\"4\" style=\"padding-right: 5px\">\n            \n\n<div class=\"kksr-icon\" style=\"width: 24px; height: 24px;\"><\/div>\n        <\/div>\n            <div class=\"kksr-star\" data-star=\"5\" style=\"padding-right: 5px\">\n            \n\n<div class=\"kksr-icon\" style=\"width: 24px; height: 24px;\"><\/div>\n        <\/div>\n    <\/div>\n    \n<div class=\"kksr-stars-active\" style=\"width: 0px;\">\n            <div class=\"kksr-star\" style=\"padding-right: 5px\">\n            \n\n<div class=\"kksr-icon\" style=\"width: 24px; height: 24px;\"><\/div>\n        <\/div>\n            <div class=\"kksr-star\" style=\"padding-right: 5px\">\n            \n\n<div class=\"kksr-icon\" style=\"width: 24px; height: 24px;\"><\/div>\n        <\/div>\n            <div class=\"kksr-star\" style=\"padding-right: 5px\">\n            \n\n<div class=\"kksr-icon\" style=\"width: 24px; height: 24px;\"><\/div>\n        <\/div>\n            <div class=\"kksr-star\" style=\"padding-right: 5px\">\n            \n\n<div class=\"kksr-icon\" style=\"width: 24px; height: 24px;\"><\/div>\n        <\/div>\n            <div class=\"kksr-star\" style=\"padding-right: 5px\">\n            \n\n<div class=\"kksr-icon\" style=\"width: 24px; height: 24px;\"><\/div>\n        <\/div>\n    <\/div>\n<\/div>\n                \n\n<div class=\"kksr-legend\" style=\"font-size: 19.2px;\">\n            <span class=\"kksr-muted\">\u0110\u00e1nh gi\u00e1 b\u00e0i vi\u1ebft<\/span>\n    <\/div>\n    <\/div>\n<p data-start=\"306\" data-end=\"572\">Trong ng\u00e0nh gia c\u00f4ng kim lo\u1ea1i, <strong data-start=\"337\" data-end=\"355\">ch\u1ea5n \u0111\u1ecbnh h\u00ecnh<\/strong> l\u00e0 c\u00f4ng \u0111o\u1ea1n quan tr\u1ecdng quy\u1ebft \u0111\u1ecbnh \u0111\u1ebfn <strong data-start=\"395\" data-end=\"438\">h\u00ecnh d\u00e1ng, \u0111\u1ed9 b\u1ec1n c\u0169ng nh\u01b0 t\u00ednh th\u1ea9m m\u1ef9<\/strong> c\u1ee7a s\u1ea3n ph\u1ea9m. \u0110\u00e2y kh\u00f4ng ch\u1ec9 l\u00e0 k\u1ef9 thu\u1eadt t\u1ea1o h\u00ecnh m\u00e0 c\u00f2n l\u00e0 th\u01b0\u1edbc \u0111o ph\u1ea3n \u00e1nh n\u0103ng l\u1ef1c v\u00e0 tr\u00ecnh \u0111\u1ed9 tay ngh\u1ec1 c\u1ee7a m\u1ed9t \u0111\u01a1n v\u1ecb gia c\u00f4ng.<\/p>\n<p data-start=\"306\" data-end=\"572\"><img loading=\"lazy\" decoding=\"async\" class=\"alignnone size-full wp-image-2107\" src=\"https:\/\/kimkhivugia.com\/noi-that\/wp-content\/uploads\/2025\/09\/z7027643969581_692f07c8870142843d5892abc8e6b659.jpg\" alt=\"\" width=\"2560\" height=\"1441\" \/><\/p>\n<h3 data-start=\"574\" data-end=\"612\">N\u0103ng l\u1ef1c c\u1ee7a V\u0169 Gia<\/h3>\n<p data-start=\"613\" data-end=\"740\">V\u1edbi h\u1ec7 th\u1ed1ng m\u00e1y m\u00f3c hi\u1ec7n \u0111\u1ea1i v\u00e0 \u0111\u1ed9i ng\u0169 k\u1ef9 thu\u1eadt vi\u00ean gi\u00e0u kinh nghi\u1ec7m, <strong data-start=\"686\" data-end=\"704\">Kim Kh\u00ed V\u0169 Gia<\/strong> t\u1ef1 tin \u0111\u00e1p \u1ee9ng nh\u1eefng s\u1ea3n ph\u1ea9m c\u00f3:<\/p>\n<ul data-start=\"741\" data-end=\"948\">\n<li data-start=\"741\" data-end=\"872\">\n<p data-start=\"743\" data-end=\"872\"><strong data-start=\"743\" data-end=\"783\">\u0110\u01b0\u1eddng ch\u1ea5n ph\u1ee9c t\u1ea1p, nhi\u1ec1u bi\u00ean d\u1ea1ng kh\u00f3 <\/strong>: t\u1eeb nh\u1eefng chi ti\u1ebft c\u00f4ng tr\u00ecnh \u0111\u1ebfn c\u00e1c m\u1eb7t h\u00e0ng n\u1ed9i th\u1ea5t \u0111\u00f2i h\u1ecfi \u0111\u1ed9 ch\u00ednh x\u00e1c cao.<\/p>\n<\/li>\n<li data-start=\"873\" data-end=\"948\">\n<p data-start=\"875\" data-end=\"948\"><strong data-start=\"875\" data-end=\"900\">K\u1ebft c\u1ea5u kh\u00f3 th\u1ef1c hi\u1ec7n<\/strong> m\u00e0 \u00edt \u0111\u01a1n v\u1ecb tr\u00ean th\u1ecb tr\u01b0\u1eddng c\u00f3 th\u1ec3 \u0111\u1ea3m nh\u1eadn.<\/p>\n<\/li>\n<\/ul>\n<p><img loading=\"lazy\" decoding=\"async\" class=\"alignnone size-full wp-image-2120\" src=\"https:\/\/kimkhivugia.com\/noi-that\/wp-content\/uploads\/2025\/09\/z7028151398211_7f51482a61123a8a85c7bfdbc0e5360b.jpg\" alt=\"\" width=\"2560\" height=\"1441\" \/><\/p>\n<p data-start=\"950\" data-end=\"1161\">Ch\u00fang t\u00f4i \u0111\u1eb7c bi\u1ec7t ch\u00fa tr\u1ecdng \u0111\u1ebfn <strong data-start=\"983\" data-end=\"1009\">\u0111\u1ed9 chu\u1ea9n x\u00e1c tuy\u1ec7t \u0111\u1ed1i<\/strong>, \u0111\u1ea3m b\u1ea3o s\u1ea3n ph\u1ea9m sau khi ch\u1ea5n \u0111\u1ea1t k\u00edch th\u01b0\u1edbc theo \u0111\u00fang b\u1ea3n v\u1ebd thi\u1ebft k\u1ebf, ph\u00f9 h\u1ee3p ti\u00eau chu\u1ea9n k\u1ef9 thu\u1eadt kh\u1eaft khe c\u1ee7a c\u00e1c c\u00f4ng tr\u00ecnh v\u00e0 h\u1ea1ng m\u1ee5c \u0111\u1eb7c th\u00f9.<\/p>\n<h3 data-start=\"1163\" data-end=\"1206\">Th\u1ea9m m\u1ef9 \u2013 Y\u1ebfu t\u1ed1 l\u00e0m n\u00ean kh\u00e1c bi\u1ec7t<\/h3>\n<p data-start=\"1207\" data-end=\"1321\">B\u00ean c\u1ea1nh k\u1ef9 thu\u1eadt, y\u1ebfu t\u1ed1 <strong data-start=\"1233\" data-end=\"1244\">th\u1ea9m m\u1ef9<\/strong> ch\u00ednh l\u00e0 th\u1ebf m\u1ea1nh c\u1ee7a V\u0169 Gia. C\u00e1c s\u1ea3n ph\u1ea9m sau khi ch\u1ea5n \u0111\u1ecbnh h\u00ecnh lu\u00f4n c\u00f3:<\/p>\n<ul data-start=\"1322\" data-end=\"1650\">\n<li data-start=\"1322\" data-end=\"1405\">\n<p data-start=\"1324\" data-end=\"1405\"><strong data-start=\"1324\" data-end=\"1358\">\u0110\u01b0\u1eddng ch\u1ea5n s\u1eafc n\u00e9t, m\u1ecbn v\u00e0 \u0111\u1ec1u<\/strong>, kh\u00f4ng \u0111\u1ec3 l\u1ea1i v\u1ebft x\u01b0\u1edbc hay bi\u1ebfn d\u1ea1ng b\u1ec1 m\u1eb7t.<\/p>\n<\/li>\n<li data-start=\"1406\" data-end=\"1537\">\n<p data-start=\"1408\" data-end=\"1537\"><strong data-start=\"1408\" data-end=\"1428\">T\u00ednh \u0111\u1ed3ng b\u1ed9 cao<\/strong>, \u0111\u1ea3m b\u1ea3o t\u00ednh chuy\u00ean nghi\u1ec7p khi l\u1eafp gh\u00e9p ho\u1eb7c \u0111\u01b0a v\u00e0o c\u00e1c h\u1ea1ng m\u1ee5c n\u1ed9i \u2013 ngo\u1ea1i th\u1ea5t, c\u00f4ng tr\u00ecnh ki\u1ebfn tr\u00fac.<\/p>\n<\/li>\n<li data-start=\"1538\" data-end=\"1650\">\n<p data-start=\"1540\" data-end=\"1650\"><strong data-start=\"1540\" data-end=\"1595\">T\u1ed1i \u01b0u cho s\u01a1n t\u0129nh \u0111i\u1ec7n, m\u1ea1 ho\u1eb7c ho\u00e0n thi\u1ec7n b\u1ec1 m\u1eb7t<\/strong> sau n\u00e0y, gi\u00fap s\u1ea3n ph\u1ea9m \u0111\u1ea1t \u0111\u1ed9 b\u1ec1n v\u00e0 v\u1ebb \u0111\u1eb9p l\u00e2u d\u00e0i.<\/p>\n<\/li>\n<li data-start=\"1538\" data-end=\"1650\"><img loading=\"lazy\" decoding=\"async\" class=\"alignnone size-full wp-image-2119\" src=\"https:\/\/kimkhivugia.com\/noi-that\/wp-content\/uploads\/2025\/09\/z7028151395590_660685e1badd88569ded990983c0381f.jpg\" alt=\"\" width=\"1441\" height=\"2560\" \/><\/li>\n<\/ul>\n","protected":false},"excerpt":{"rendered":"<p>Trong ng\u00e0nh gia c\u00f4ng kim lo\u1ea1i, ch\u1ea5n \u0111\u1ecbnh h\u00ecnh l\u00e0 c\u00f4ng \u0111o\u1ea1n quan tr\u1ecdng quy\u1ebft \u0111\u1ecbnh \u0111\u1ebfn h\u00ecnh d\u00e1ng, \u0111\u1ed9 b\u1ec1n c\u0169ng nh\u01b0 t\u00ednh th\u1ea9m m\u1ef9 c\u1ee7a s\u1ea3n ph\u1ea9m. \u0110\u00e2y kh\u00f4ng ch\u1ec9 l\u00e0 k\u1ef9 thu\u1eadt t\u1ea1o h\u00ecnh m\u00e0 c\u00f2n l\u00e0 th\u01b0\u1edbc \u0111o ph\u1ea3n \u00e1nh n\u0103ng l\u1ef1c v\u00e0 tr\u00ecnh \u0111\u1ed9 tay ngh\u1ec1 c\u1ee7a m\u1ed9t \u0111\u01a1n v\u1ecb&#8230;<\/p>\n","protected":false},"featured_media":2107,"comment_status":"closed","ping_status":"closed","template":"","meta":[],"product_brand":[],"product_cat":[95],"product_tag":[],"class_list":{"0":"post-1796","1":"product","2":"type-product","3":"status-publish","4":"has-post-thumbnail","6":"product_cat-gia-cong-chan-dinh-hinh-kim-loai","8":"first","9":"instock","10":"shipping-taxable","11":"purchasable","12":"product-type-simple"},"_links":{"self":[{"href":"https:\/\/kimkhivugia.com\/noi-that\/wp-json\/wp\/v2\/product\/1796","targetHints":{"allow":["GET"]}}],"collection":[{"href":"https:\/\/kimkhivugia.com\/noi-that\/wp-json\/wp\/v2\/product"}],"about":[{"href":"https:\/\/kimkhivugia.com\/noi-that\/wp-json\/wp\/v2\/types\/product"}],"replies":[{"embeddable":true,"href":"https:\/\/kimkhivugia.com\/noi-that\/wp-json\/wp\/v2\/comments?post=1796"}],"wp:featuredmedia":[{"embeddable":true,"href":"https:\/\/kimkhivugia.com\/noi-that\/wp-json\/wp\/v2\/media\/2107"}],"wp:attachment":[{"href":"https:\/\/kimkhivugia.com\/noi-that\/wp-json\/wp\/v2\/media?parent=1796"}],"wp:term":[{"taxonomy":"product_brand","embeddable":true,"href":"https:\/\/kimkhivugia.com\/noi-that\/wp-json\/wp\/v2\/product_brand?post=1796"},{"taxonomy":"product_cat","embeddable":true,"href":"https:\/\/kimkhivugia.com\/noi-that\/wp-json\/wp\/v2\/product_cat?post=1796"},{"taxonomy":"product_tag","embeddable":true,"href":"https:\/\/kimkhivugia.com\/noi-that\/wp-json\/wp\/v2\/product_tag?post=1796"}],"curies":[{"name":"wp","href":"https:\/\/api.w.org\/{rel}","templated":true}]}}