{"id":1764,"date":"2025-08-24T10:08:43","date_gmt":"2025-08-24T03:08:43","guid":{"rendered":"https:\/\/kimkhivugia.com\/noi-that\/cabin-tam-op-thang-may-inox-9\/"},"modified":"2025-10-20T13:50:17","modified_gmt":"2025-10-20T06:50:17","slug":"cabin-tam-op-thang-may-inox-9","status":"publish","type":"product","link":"https:\/\/kimkhivugia.com\/noi-that\/cabin-tam-op-thang-may-inox-9\/","title":{"rendered":"CABIN-T\u1ea4M \u1ed0P THANG M\u00c1Y INOX"},"content":{"rendered":"\n\n<div class=\"kk-star-ratings kksr-auto kksr-align-left kksr-valign-top\"\n    data-payload='{&quot;align&quot;:&quot;left&quot;,&quot;id&quot;:&quot;1764&quot;,&quot;slug&quot;:&quot;default&quot;,&quot;valign&quot;:&quot;top&quot;,&quot;ignore&quot;:&quot;&quot;,&quot;reference&quot;:&quot;auto&quot;,&quot;class&quot;:&quot;&quot;,&quot;count&quot;:&quot;0&quot;,&quot;legendonly&quot;:&quot;&quot;,&quot;readonly&quot;:&quot;&quot;,&quot;score&quot;:&quot;0&quot;,&quot;starsonly&quot;:&quot;&quot;,&quot;best&quot;:&quot;5&quot;,&quot;gap&quot;:&quot;5&quot;,&quot;greet&quot;:&quot;\u0110\u00e1nh gi\u00e1 b\u00e0i vi\u1ebft&quot;,&quot;legend&quot;:&quot;0\\\/5 - (0 b\u00ecnh ch\u1ecdn)&quot;,&quot;size&quot;:&quot;24&quot;,&quot;title&quot;:&quot;CABIN-T\u1ea4M \u1ed0P THANG M\u00c1Y INOX&quot;,&quot;width&quot;:&quot;0&quot;,&quot;_legend&quot;:&quot;{score}\\\/{best} - ({count} {votes})&quot;,&quot;font_factor&quot;:&quot;1.25&quot;}'>\n            \n<div class=\"kksr-stars\">\n    \n<div class=\"kksr-stars-inactive\">\n            <div class=\"kksr-star\" data-star=\"1\" style=\"padding-right: 5px\">\n            \n\n<div class=\"kksr-icon\" style=\"width: 24px; height: 24px;\"><\/div>\n        <\/div>\n            <div class=\"kksr-star\" data-star=\"2\" style=\"padding-right: 5px\">\n            \n\n<div class=\"kksr-icon\" style=\"width: 24px; height: 24px;\"><\/div>\n        <\/div>\n            <div class=\"kksr-star\" data-star=\"3\" style=\"padding-right: 5px\">\n            \n\n<div class=\"kksr-icon\" style=\"width: 24px; height: 24px;\"><\/div>\n        <\/div>\n            <div class=\"kksr-star\" data-star=\"4\" style=\"padding-right: 5px\">\n            \n\n<div class=\"kksr-icon\" style=\"width: 24px; height: 24px;\"><\/div>\n        <\/div>\n            <div class=\"kksr-star\" data-star=\"5\" style=\"padding-right: 5px\">\n            \n\n<div class=\"kksr-icon\" style=\"width: 24px; height: 24px;\"><\/div>\n        <\/div>\n    <\/div>\n    \n<div class=\"kksr-stars-active\" style=\"width: 0px;\">\n            <div class=\"kksr-star\" style=\"padding-right: 5px\">\n            \n\n<div class=\"kksr-icon\" style=\"width: 24px; height: 24px;\"><\/div>\n        <\/div>\n            <div class=\"kksr-star\" style=\"padding-right: 5px\">\n            \n\n<div class=\"kksr-icon\" style=\"width: 24px; height: 24px;\"><\/div>\n        <\/div>\n            <div class=\"kksr-star\" style=\"padding-right: 5px\">\n            \n\n<div class=\"kksr-icon\" style=\"width: 24px; height: 24px;\"><\/div>\n        <\/div>\n            <div class=\"kksr-star\" style=\"padding-right: 5px\">\n            \n\n<div class=\"kksr-icon\" style=\"width: 24px; height: 24px;\"><\/div>\n        <\/div>\n            <div class=\"kksr-star\" style=\"padding-right: 5px\">\n            \n\n<div class=\"kksr-icon\" style=\"width: 24px; height: 24px;\"><\/div>\n        <\/div>\n    <\/div>\n<\/div>\n                \n\n<div class=\"kksr-legend\" style=\"font-size: 19.2px;\">\n            <span class=\"kksr-muted\">\u0110\u00e1nh gi\u00e1 b\u00e0i vi\u1ebft<\/span>\n    <\/div>\n    <\/div>\n<p>H\u00ecnh \u1ea3nh t\u1eeb c\u00f4ng tr\u00ecnh Masteri Center Point Qu\u1eadn 9<\/p>\n<p><img loading=\"lazy\" decoding=\"async\" src=\"https:\/\/kimkhivugia.com\/noi-that\/wp-content\/uploads\/2025\/08\/z7012491405319_f4b0e2e1923363ff9a8fc27e439c8029.jpg\" alt=\"\" width=\"720\" height=\"720\" class=\"alignnone size-full wp-image-2188\" \/><\/p>\n<p><img loading=\"lazy\" decoding=\"async\" src=\"https:\/\/kimkhivugia.com\/noi-that\/wp-content\/uploads\/2025\/08\/z7012491304773_1972e66e33f771e13c1985ff28dcc5e2.jpg\" alt=\"\" width=\"720\" height=\"720\" class=\"alignnone size-full wp-image-2174\" \/><\/p>\n<p><img loading=\"lazy\" decoding=\"async\" src=\"https:\/\/kimkhivugia.com\/noi-that\/wp-content\/uploads\/2025\/08\/z7012491295272_a166651df2214a4f6753fbeaaec2cfff.jpg\" alt=\"\" width=\"720\" height=\"720\" class=\"alignnone size-full wp-image-2172\" \/><br \/>\n<img loading=\"lazy\" decoding=\"async\" src=\"https:\/\/kimkhivugia.com\/noi-that\/wp-content\/uploads\/2025\/08\/z7012491472762_be03193715d743dbf00ec288878cd7d0.jpg\" alt=\"\" width=\"1536\" height=\"2048\" class=\"alignnone size-full wp-image-2199\" \/><\/p>\n<p><img loading=\"lazy\" decoding=\"async\" src=\"https:\/\/kimkhivugia.com\/noi-that\/wp-content\/uploads\/2025\/08\/z7012491479487_ddc3eddd3651e7ab3a9eb42559d720f4.jpg\" alt=\"\" width=\"2048\" height=\"1536\" class=\"alignnone size-full wp-image-2200\" \/><\/p>\n","protected":false},"excerpt":{"rendered":"<p>H\u00ecnh \u1ea3nh t\u1eeb c\u00f4ng tr\u00ecnh Masteri Center Point Qu\u1eadn 9<\/p>\n","protected":false},"featured_media":2158,"comment_status":"closed","ping_status":"closed","template":"","meta":[],"product_brand":[],"product_cat":[87],"product_tag":[],"class_list":{"0":"post-1764","1":"product","2":"type-product","3":"status-publish","4":"has-post-thumbnail","6":"product_cat-thang-may","8":"first","9":"instock","10":"shipping-taxable","11":"purchasable","12":"product-type-simple"},"_links":{"self":[{"href":"https:\/\/kimkhivugia.com\/noi-that\/wp-json\/wp\/v2\/product\/1764","targetHints":{"allow":["GET"]}}],"collection":[{"href":"https:\/\/kimkhivugia.com\/noi-that\/wp-json\/wp\/v2\/product"}],"about":[{"href":"https:\/\/kimkhivugia.com\/noi-that\/wp-json\/wp\/v2\/types\/product"}],"replies":[{"embeddable":true,"href":"https:\/\/kimkhivugia.com\/noi-that\/wp-json\/wp\/v2\/comments?post=1764"}],"wp:featuredmedia":[{"embeddable":true,"href":"https:\/\/kimkhivugia.com\/noi-that\/wp-json\/wp\/v2\/media\/2158"}],"wp:attachment":[{"href":"https:\/\/kimkhivugia.com\/noi-that\/wp-json\/wp\/v2\/media?parent=1764"}],"wp:term":[{"taxonomy":"product_brand","embeddable":true,"href":"https:\/\/kimkhivugia.com\/noi-that\/wp-json\/wp\/v2\/product_brand?post=1764"},{"taxonomy":"product_cat","embeddable":true,"href":"https:\/\/kimkhivugia.com\/noi-that\/wp-json\/wp\/v2\/product_cat?post=1764"},{"taxonomy":"product_tag","embeddable":true,"href":"https:\/\/kimkhivugia.com\/noi-that\/wp-json\/wp\/v2\/product_tag?post=1764"}],"curies":[{"name":"wp","href":"https:\/\/api.w.org\/{rel}","templated":true}]}}