{"id":26,"date":"2022-04-19T10:14:52","date_gmt":"2022-04-19T03:14:52","guid":{"rendered":"https:\/\/kimkhivugia.com\/noi-that\/?page_id=26"},"modified":"2025-09-25T11:42:54","modified_gmt":"2025-09-25T04:42:54","slug":"ve-chung-toi","status":"publish","type":"page","link":"https:\/\/kimkhivugia.com\/noi-that\/ve-chung-toi\/","title":{"rendered":"V\u1ec1 ch\u00fang t\u00f4i"},"content":{"rendered":"\n\n\t<section class=\"section\" id=\"section_2059690406\">\n\t\t<div class=\"section-bg fill\" >\n\t\t\t\t\t\t\t\t\t\n\t\t\t\n\n\t\t<\/div>\n\n\t\t\n\n\t\t<div class=\"section-content relative\">\n\t\t\t\n\n  <div id=\"page-header-701733759\" class=\"page-header-wrapper\">\n  <div class=\"page-title dark featured-title has-parallax\">\n\n        <div class=\"page-title-bg\">\n      <div class=\"title-bg fill bg-fill\"\n        data-parallax-container=\".page-title\"\n        data-parallax-background\n        data-parallax=\"-7\">\n      <\/div>\n      <div class=\"title-overlay fill\"><\/div>\n    <\/div>\n    \n    <div class=\"page-title-inner container align-top text-center flex-row-col medium-flex-wrap\" >\n              <div class=\"title-wrapper uppercase flex-col\">\n          <h1 class=\"entry-title mb-0\">\n            V\u1ec1 ch\u00fang t\u00f4i          <\/h1>\n        <\/div>\n                    <div class=\"title-content flex-col\">\n        <div class=\"title-breadcrumbs pb-half pt-half\"><nav class=\"woocommerce-breadcrumb breadcrumbs uppercase\">Trang ch\u1ee7<\/nav><\/div>      <\/div>\n    <\/div>\n\n     \n<style>\n#page-header-701733759 .page-title-inner {\n  min-height: 650px;\n}\n#page-header-701733759 .title-bg {\n  background-image: url(https:\/\/kimkhivugia.com\/noi-that\/wp-content\/uploads\/2025\/09\/Red-and-Peach-Modern-Valentines-Day-Sale-Instagram-Story.png);\n}\n#page-header-701733759 .title-overlay {\n  background-color: rgba(0,0,0,.5);\n}\n<\/style>\n  <\/div>\n    <\/div>\n  \n\n\n\t\t<\/div>\n\n\t\t\n<style>\n#section_2059690406 {\n  padding-top: 0px;\n  padding-bottom: 0px;\n}\n<\/style>\n\t<\/section>\n\t\n\n\t<section class=\"section\" id=\"section_2063602874\">\n\t\t<div class=\"section-bg fill\" >\n\t\t\t\t\t\t\t\t\t\n\t\t\t\n\n\t\t<\/div>\n\n\t\t\n\n\t\t<div class=\"section-content relative\">\n\t\t\t\n\n<div class=\"row\"  id=\"row-1671952199\">\n\n\n\t<div id=\"col-1329950624\" class=\"col small-12 large-12\"  >\n\t\t\t\t<div class=\"col-inner\"  >\n\t\t\t\n\t\t\t\n\n<div class=\"content\">\n<p><span style=\"color: blue;\"><span style=\"font-size: 16.0pt;\">\u00a0 \u00a0 \u00a0<strong>C\u00f4ng ty TNHH Kim Kh\u00ed VU\u0303 GIA<\/strong><\/span><\/span><span style=\"font-size: 16.0pt;\">\u00a0\u0111\u01b0\u1ee3c th\u00e0nh l\u1eadp trong b\u1ed1i c\u1ea3nh kinh t\u1ebf h\u1ed9i nh\u1eadp va\u0300 \u0111ang tr\u00ean \u0111\u00e0 ph\u00e1t tri\u1ec3n m\u1ea1nh m\u1ebd. N\u0103\u0301m ro\u0303 \u0111\u01b0\u01a1\u0323c nhu c\u1ea7u v\u1ec1 thi\u1ebft b\u1ecb, sa\u0309n ph\u00e2\u0309m n\u1ed9i ngo\u1ea1i th\u1ea5t kim lo\u1ea1i, v\u00e2\u0323t li\u00ea\u0323u t\u00f4n, s\u1eaft, \u0111\u1ed3ng, nh\u00f4m, inox,&#8230;. \u0111\u00f4\u0301i v\u01a1\u0301i s\u01b0\u0323 c\u1ea7n thi\u1ebft \u0111\u1ed1i cu\u0309a kha\u0301ch ha\u0300ng hi\u00ea\u0323n nay.<\/span><\/p>\n<p><span style=\"font-size: 16.0pt;\">\u00a0 \u00a0 \u00a0Tr\u00ean quan \u0111i\u1ec3m ph\u00e1t tri\u1ec3n b\u1ec1n v\u1eefng cu\u0300ng v\u01a1\u0301i t\u1ea7m nh\u00ecn d\u00e0i h\u1ea1n v\u00e0 ph\u1ea1m vi ho\u1ea1t \u0111\u1ed9ng to\u00e0n qu\u1ed1c,\u00a0<\/span><strong><span style=\"color: blue;\"><span style=\"font-size: 16.0pt;\">C\u00f4ng ty TNHH Kim Kh\u00ed VU\u0303 GIA<\/span><\/span><\/strong><span style=\"font-size: 16.0pt;\">\u00a0t\u1eadp trung \u0111\u1ea7u t\u01b0 ma\u0323nh me\u0303 v\u00e0o sa\u0309n xu\u00e2\u0301t kim khi\u0301 v\u1edbi nh\u01b0\u0303ng m\u0103\u0323t ha\u0300ng s\u1ea3n ph\u1ea9m \u0111a\u0323t ti\u00eau chu\u00e2\u0309n ch\u1ea5t l\u01b0\u1ee3ng, mong mu\u00f4\u0301n co\u0301 \u0111\u01b0\u01a1\u0323c s\u01b0\u0323 tin t\u01b0\u01a1\u0309ng, ha\u0300i lo\u0300ng va\u0300 ti\u0301n nhi\u00ea\u0323m \u0111\u00ea\u0309 tr\u01a1\u0309 tha\u0300nh m\u00f4\u0323t th\u01b0\u01a1ng hi\u1ec7u uy t\u00edn trong lo\u0300ng ng\u01b0\u01a1\u0300i ti\u00eau du\u0300ng Vi\u00ea\u0323t.\u00a0<\/span><\/p>\n\n  \n    <div class=\"row large-columns-2 medium-columns- small-columns-\" >\n  <div class=\"gallery-col col\" >\n          <div class=\"col-inner\">\n            <a class=\"image-lightbox lightbox-gallery\" href=\"https:\/\/kimkhivugia.com\/noi-that\/wp-content\/uploads\/2025\/09\/Red-and-Peach-Modern-Valentines-Day-Sale-Instagram-Story.png\" title=\"\">            <div class=\"box has-hover gallery-box box-normal\">\n              <div class=\"box-image image-cover\" style=\"padding-top:100%;\">\n                <img loading=\"lazy\" decoding=\"async\" width=\"2000\" height=\"1410\" src=\"https:\/\/kimkhivugia.com\/noi-that\/wp-content\/uploads\/2025\/09\/Red-and-Peach-Modern-Valentines-Day-Sale-Instagram-Story.png\" class=\"attachment-original size-original\" alt=\"\" ids=\"2014,2073\" style=\"normal\" lightbox_image_size=\"original\" columns=\"2\" image_height=\"100%\" image_size=\"original\" \/>                                                              <\/div>\n              <div class=\"box-text text-left\" >\n                 <p><\/p>\n              <\/div>\n            <\/div>\n            <\/a>          <\/div>\n         <\/div><div class=\"gallery-col col\" >\n          <div class=\"col-inner\">\n            <a class=\"image-lightbox lightbox-gallery\" href=\"https:\/\/kimkhivugia.com\/noi-that\/wp-content\/uploads\/2025\/09\/VUG00103-scaled.jpg\" title=\"\">            <div class=\"box has-hover gallery-box box-normal\">\n              <div class=\"box-image image-cover\" style=\"padding-top:100%;\">\n                <img loading=\"lazy\" decoding=\"async\" width=\"2560\" height=\"1707\" src=\"https:\/\/kimkhivugia.com\/noi-that\/wp-content\/uploads\/2025\/09\/VUG00103-scaled.jpg\" class=\"attachment-original size-original\" alt=\"\" ids=\"2014,2073\" style=\"normal\" lightbox_image_size=\"original\" columns=\"2\" image_height=\"100%\" image_size=\"original\" \/>                                                              <\/div>\n              <div class=\"box-text text-left\" >\n                 <p><\/p>\n              <\/div>\n            <\/div>\n            <\/a>          <\/div>\n         <\/div><\/div>\n\n<div class=\"content\">\n<p><span style=\"font-size: 16.0pt;\"><span style=\"color: blue;\">\u00a0 \u00a0 \u00a0<\/span>V\u1edbi \u0111\u1ed9i ng\u0169 nh\u00e2n vi\u00ean co\u0301 tinh th\u00e2\u0300n nhi\u1ec7t huy\u1ebft v\u01a1\u0301i ngh\u00ea\u0300, n\u0103\u0301m trong tay tri\u0300nh \u0111\u00f4\u0323 va\u0300 ky\u0303 thu\u00e2\u0323t chuy\u00ean m\u00f4n cao, ho\u0323 \u0111a\u0303 c\u00f3 r\u00e2\u0301t nhi\u1ec1u \u0111\u00f3ng g\u00f3p v\u00e0o vi\u1ec7c n\u00e2ng cao ch\u1ea5t l\u01b0\u1ee3ng d\u1ecbch v\u1ee5, \u0111\u00e2\u0309y ma\u0323nh pha\u0301t tri\u00ea\u0309n ch\u00e2\u0301t l\u01b0\u01a1\u0323ng sa\u0309n ph\u00e2\u0309m trong h\u00ea\u0323 th\u00f4\u0301ng sa\u0309n xu\u00e2\u0301t.<\/span><\/p>\n<p><span style=\"color: blue;\"><span style=\"font-size: 16.0pt;\">\u00a0 \u00a0 \u00a0<strong>C\u00f4ng ty TNHH Kim Kh\u00ed VU\u0303 GIA<\/strong><\/span><\/span><span style=\"font-size: 16.0pt;\">\u00a0\u0111ang t\u1eebng b\u01b0\u1edbc kh\u1eb3ng \u0111\u1ecbnh v\u1ecb th\u1ebf c\u1ee7a m\u00ecnh tr\u00ean th\u1ecb tr\u01b0\u1eddng Vi\u1ec7t, \u0111\u1ed3ng th\u1eddi ti\u1ebfp t\u1ee5c ho\u00e0n thi\u1ec7n \u0111\u1ed9i ng\u0169 kinh doanh, pha\u0301t tri\u00ea\u0309n h\u01a1n n\u01b0\u0303a ca\u0301c hoa\u0323t \u0111\u00f4\u0323ng sa\u0309n xu\u00e2\u0301t v\u00e0 c\u1ee7ng c\u1ed1 ngu\u1ed3n l\u1ef1c t\u00e0i ch\u00ednh v\u1eefng m\u1ea1nh\u00a0<\/span><span style=\"font-size: 16.0pt;\">\u0111\u00ea\u0309 kh\u00f4ng ng\u01b0\u0300ng n\u00f4\u0303 l\u01b0\u0323c t\u01b0\u0300ng nga\u0300y la\u0300m h\u00e0i l\u00f2ng t\u1ea5t c\u1ea3 c\u00e1c nh\u00f3m kh\u00e1ch h\u00e0ng tr\u00ean toa\u0300n qu\u00f4\u0301c no\u0301i ri\u00eang va\u0300 qu\u00f4\u0301c t\u00ea\u0301 no\u0301i chung.<\/span><\/p>\n<\/div>\n\n  \n    <div class=\"row large-columns-2 medium-columns- small-columns-\" >\n  <div class=\"gallery-col col\" >\n          <div class=\"col-inner\">\n            <a class=\"image-lightbox lightbox-gallery\" href=\"https:\/\/kimkhivugia.com\/noi-that\/wp-content\/uploads\/2025\/09\/z7048145031345_632563d65ac1b12141709d4b273470eb.jpg\" title=\"\">            <div class=\"box has-hover gallery-box box-normal\">\n              <div class=\"box-image image-cover\" style=\"padding-top:100%;\">\n                <img loading=\"lazy\" decoding=\"async\" width=\"2560\" height=\"1441\" src=\"https:\/\/kimkhivugia.com\/noi-that\/wp-content\/uploads\/2025\/09\/z7048145031345_632563d65ac1b12141709d4b273470eb.jpg\" class=\"attachment-original size-original\" alt=\"\" ids=\"2131,2135\" style=\"normal\" lightbox_image_size=\"original\" columns=\"2\" image_height=\"100%\" image_size=\"original\" \/>                                                              <\/div>\n              <div class=\"box-text text-left\" >\n                 <p><\/p>\n              <\/div>\n            <\/div>\n            <\/a>          <\/div>\n         <\/div><div class=\"gallery-col col\" >\n          <div class=\"col-inner\">\n            <a class=\"image-lightbox lightbox-gallery\" href=\"https:\/\/kimkhivugia.com\/noi-that\/wp-content\/uploads\/2025\/09\/178231626_506170740559191_5152643255997447348_n.jpg\" title=\"\">            <div class=\"box has-hover gallery-box box-normal\">\n              <div class=\"box-image image-cover\" style=\"padding-top:100%;\">\n                <img loading=\"lazy\" decoding=\"async\" width=\"1280\" height=\"576\" src=\"https:\/\/kimkhivugia.com\/noi-that\/wp-content\/uploads\/2025\/09\/178231626_506170740559191_5152643255997447348_n.jpg\" class=\"attachment-original size-original\" alt=\"\" ids=\"2131,2135\" style=\"normal\" lightbox_image_size=\"original\" columns=\"2\" image_height=\"100%\" image_size=\"original\" \/>                                                              <\/div>\n              <div class=\"box-text text-left\" >\n                 <p><\/p>\n              <\/div>\n            <\/div>\n            <\/a>          <\/div>\n         <\/div><\/div>\n\n<div class=\"content\">\n<p><strong><span style=\"color: red;\"><span style=\"font-size: 16.0pt;\">Ng\u00e0nh Ngh\u1ec1 Kinh Doanh<\/span><\/span><\/strong><\/p>\n<p><span style=\"color: #0000ff;\"><strong><u><span style=\"font-size: 16.0pt;\">CHUY\u00caN: <\/span><\/u><\/strong><\/span><\/p>\n<p><strong><span style=\"color: #008000;\"><span style=\"font-size: 16.0pt;\">\u25cf T\u01b0 v\u00e2\u0301n, thi\u00ea\u0301t k\u00ea\u0301, thi c\u00f4ng, xu\u00e2\u0301t kh\u00e2\u0309u ca\u0301c sa\u0309n ph\u00e2\u0309m n\u1ed9i ngo\u1ea1i th\u1ea5t b\u0103\u0300ng kim loa\u0323i quy\u0301 (inox, \u0111\u00f4\u0300ng, nh\u00f4m, the\u0301p, ma\u0323 va\u0300ng,\u2026)<\/span><\/span><\/strong><\/p>\n<p><strong><span style=\"color: #008000;\"><span style=\"font-size: 16.0pt;\">\u25cf Sa\u0309n xu\u00e2\u0301t N\u00f4\u0323i \u2013 Ngoa\u0323i th\u00e2\u0301t cung c\u00e2\u0301p phu\u0323c vu\u0323 cho:<\/span><\/span><\/strong><\/p>\n<p><strong><span style=\"color: #008000;\"><span style=\"font-size: 16.0pt;\">+ Showroom\u00a0\u00a0\u00a0\u00a0\u00a0\u00a0\u00a0\u00a0\u00a0\u00a0\u00a0\u00a0\u00a0\u00a0\u00a0\u00a0\u00a0\u00a0\u00a0\u00a0\u00a0\u00a0\u00a0\u00a0\u00a0\u00a0\u00a0\u00a0\u00a0\u00a0\u00a0\u00a0\u00a0\u00a0\u00a0\u00a0\u00a0\u00a0\u00a0\u00a0\u00a0\u00a0\u00a0\u00a0\u00a0\u00a0\u00a0\u00a0\u00a0\u00a0\u00a0\u00a0\u00a0\u00a0 + C\u00f4ng tri\u0300nh <\/span><\/span><\/strong><\/p>\n<p><strong><span style=\"color: #008000;\"><span style=\"font-size: 16.0pt;\">+ Trung t\u00e2m th\u01b0\u01a1ng ma\u0323i\u00a0 \u00a0 \u00a0 \u00a0 \u00a0 \u00a0 \u00a0 \u00a0 \u00a0 \u00a0 \u00a0 \u00a0 \u00a0 \u00a0 \u00a0 \u00a0 \u00a0 + Kha\u0301ch sa\u0323n <\/span><\/span><\/strong><\/p>\n<p><strong><span style=\"color: #008000;\"><span style=\"font-size: 16.0pt;\">+ Si\u00eau thi\u0323\u00a0 \u00a0 \u00a0 \u00a0 \u00a0 \u00a0 \u00a0 \u00a0 \u00a0 \u00a0 \u00a0 \u00a0 \u00a0 \u00a0 \u00a0 \u00a0 \u00a0 \u00a0 \u00a0 \u00a0 \u00a0 \u00a0 \u00a0 \u00a0 \u00a0 \u00a0 \u00a0 \u00a0 \u00a0 \u00a0 + V\u0103n pho\u0300ng<\/span><\/span><\/strong><\/p>\n<p><strong><span style=\"color: #008000;\"><span style=\"font-size: 16.0pt;\">+ C\u01b0\u0309a ha\u0300ng th\u01a1\u0300i trang\u00a0 \u00a0 \u00a0 \u00a0 \u00a0 \u00a0 \u00a0 \u00a0 \u00a0 \u00a0 \u00a0 \u00a0 \u00a0 \u00a0 \u00a0 \u00a0 \u00a0 \u00a0 \u00a0 + Ba\u0309ng hi\u00ea\u0323u qua\u0309ng ca\u0301o\u2026..<\/span><\/span><\/strong><\/p>\n<p><strong><span style=\"color: #008000;\"><span style=\"font-size: 16.0pt;\">\u25cf Gia c\u00f4ng c\u0103\u0301t, \u0111\u00f4\u0323t, ha\u0300n, \u0111a\u0301nh bo\u0301ng kim loa\u0323i, ma\u0323 kim loa\u0323i b\u0103\u0300ng c\u00f4ng ngh\u00ea\u0323 cao <\/span><\/span><\/strong><\/p>\n<p><strong><span style=\"color: #008000;\"><span style=\"font-size: 16.0pt;\">\u25cf Gia c\u00f4ng c\u01a1 khi\u0301 chi ti\u00ea\u0301t theo ba\u0309n ve\u0303 <\/span><\/span><\/strong><\/p>\n<p><strong><span style=\"color: #008000;\"><span style=\"font-size: 16.0pt;\">\u25cf Gia c\u00f4ng phay (ba\u0300o), ch\u00e2\u0301n \u0111i\u0323nh hi\u0300nh kim loa\u0323i t\u00e2\u0301m<\/span><\/span><\/strong><\/p>\n<p><strong><span style=\"color: #008000;\"><span style=\"font-size: 16pt;\">\u25cf Gia c\u00f4ng c\u1eaft laser kim lo\u1ea1i<\/span><\/span><\/strong><\/p>\n<p>&#8211;<strong><span style=\"color: #008000;\"><span style=\"font-size: 16pt;\">\u25cf Gia c\u00f4ng ph\u1ee5 t\u00f9ng \u00f4t\u00f4<\/span><\/span><\/strong><\/p>\n<p><strong><span style=\"color: red;\"><span style=\"font-size: 16.0pt;\">Quan \u0110i\u1ec3m Kinh Doanh<\/span><\/span><\/strong><\/p>\n<p><span style=\"font-size: 16.0pt;\">\u25cf Cung<\/span><span style=\"font-size: 16.0pt;\"> c\u1ea5p s\u1ea3n ph\u1ea9m ch\u00e2\u0301t l\u01b0\u01a1\u0323ng \u0111i ke\u0300m v\u1edbi gi\u00e1 c\u1ea3 c\u1ea1nh tranh cu\u0300ng d\u1ecbch v\u1ee5 ho\u00e0n h\u1ea3o l\u00e0 nh\u1eefng g\u00ec ma\u0300 <\/span><strong><span style=\"color: blue;\"><span style=\"font-size: 16.0pt;\">C\u00f4ng ty TNHH Kim Kh\u00ed VU\u0303 GIA<\/span><\/span><\/strong><span style=\"font-size: 16.0pt;\">\u00a0mong mu\u00f4\u0301n mang \u0111\u1ebfn cho kh\u00e1ch h\u00e0ng<\/span><\/p>\n<p><span style=\"font-size: 16.0pt;\">\u25cf C<\/span><span style=\"font-size: 16.0pt;\">h\u1eef <strong>T\u00cdN<\/strong>\u00a0la\u0300 h\u00e0ng \u0111\u1ea7u<\/span><\/p>\n<p><span style=\"font-size: 16.0pt;\">\u25cf S\u01b0\u0323<\/span><span style=\"font-size: 16.0pt;\"> <strong>HA\u0300I LO\u0300NG<\/strong> cu\u0309a kh\u00e1ch h\u00e0ng l\u00e0<strong> H\u01a0I TH\u01a0\u0309<\/strong> c\u1ee7a <\/span><span style=\"font-size: 16.0pt;\">chu\u0301ng t\u00f4i<\/span><\/p>\n<p><span style=\"font-size: 16.0pt;\">\u25cf <\/span><span style=\"font-size: 16.0pt;\">S\u1ef1 <strong>TIN T\u01af\u01a0\u0309NG<\/strong> cu\u0309a kh\u00e1ch h\u00e0ng l\u00e0 <strong>THA\u0300NH C\u00d4NG<\/strong> c\u1ee7a <\/span><span style=\"font-size: 16.0pt;\">chu\u0301ng t\u00f4i<\/span><\/p>\n<p><span style=\"font-size: 16.0pt;\">\u25cf \u0110\u0103\u0323t mi\u0300nh va\u0300o <strong>VI\u0323 TRI\u0301<\/strong> cu\u0309a kha\u0301ch ha\u0300ng \u0111\u00ea\u0309 <strong>TH\u00c2\u0301U HI\u00ca\u0309U<\/strong>\u00a0y\u00eau c\u00e2\u0300u cu\u0309a kha\u0301ch ha\u0300ng <\/span><\/p>\n<p><span style=\"font-size: 16.0pt;\">\u25cf Kha\u0309 n\u0103ng la\u0300m vi\u00ea\u0323c chuy\u00ean nghi\u00ea\u0323p, nhi\u00ea\u0323t ti\u0300nh va\u0300 th\u00e2n thi\u00ea\u0323n <\/span><\/p>\n<p><span style=\"font-size: 16.0pt;\">\u25cf Pha\u0301t tri\u00ea\u0309n v\u01b0\u0303ng ch\u0103\u0301c v\u00ea\u0300 m\u0103\u0323t sa\u0309n xu\u00e2\u0301t, di\u0323ch vu\u0323 <\/span><\/p>\n<p>\u00a0<\/p>\n<p><strong><span style=\"color: red;\"><span style=\"font-size: 16.0pt;\">Tri\u1ebft L\u00fd Kinh Doanh<\/span><\/span><\/strong><\/p>\n<p><span style=\"font-size: 16.0pt;\">\u25cf Kh\u00f4ng ng\u01b0\u0300ng sa\u0301ng ta\u0323o, thu\u0301c \u0111\u00e2\u0309y pha\u0301t tri\u00ea\u0309n,<\/span><span style=\"font-size: 16.0pt;\"> \u0111\u1ed5i m\u1edbi<\/span><\/p>\n<p><span style=\"font-size: 16.0pt;\">\u25cf Q<\/span><span style=\"font-size: 16.0pt;\">uan t\u00e2m, ch\u0103m so\u0301c, l\u1eafng nghe \u00fd ki\u1ebfn c\u1ee7a t\u1eebng kh\u00e1ch h\u00e0ng<\/span><\/p>\n<p><span style=\"font-size: 16.0pt;\">\u25cf H\u00ea\u0301t lo\u0300ng<\/span><span style=\"font-size: 16.0pt;\"> v\u1edbi \u0111\u1ed3ng nghi\u1ec7p, h\u00f4\u0303 tr\u01a1\u0323 giu\u0301p \u0111\u01a1\u0303 cu\u0300ng ti\u00ea\u0301n b\u00f4\u0323, c\u00f9ng nhau g\u0103\u0301n b\u00f3 va\u0300 \u0111o\u0301ng g\u00f3p tri\u0301 ta\u0300i nh\u0103\u0300m x\u00e2y d\u1ef1ng m\u00e1i nh\u00e0 chung v\u01b0\u0303ng ma\u0323nh<\/span><\/p>\n<p>\u00a0<\/p>\n<p><strong><span style=\"color: red;\"><span style=\"font-size: 16.0pt;\">\u0110\u1ecbnh h\u01b0\u1edbng ph\u00e1t tri\u1ec3n<\/span><\/span><\/strong><\/p>\n<p><span style=\"font-size: 16.0pt;\">\u25cf <\/span><span style=\"font-size: 16.0pt;\">V\u1edbi \u0111\u1ecbnh h\u01b0\u1edbng ph\u00e1t tri\u1ec3n con ng\u01b0\u1eddi l\u00e0 y\u1ebfu t\u1ed1 then ch\u1ed1t. \u0110\u00e0o t\u1ea1o \u0111\u1ed9i ng\u0169 c\u00f4ng nh\u00e2n vi\u00ean c\u00f3 tay ngh\u00ea\u0300 cao, nhi\u1ec1u kinh nghi\u1ec7m v\u00e0 t\u00e2m huy\u1ebft v\u1edbi c\u00f4ng vi\u1ec7c.<\/span><\/p>\n<p><span style=\"font-size: 16.0pt;\">\u25cf Ti\u00ea\u0301p tu\u0323c \u0111\u00e2\u0309y ma\u0323nh sa\u0309n xu\u00e2\u0301t, c\u00f4ng ngh\u00ea\u0323 <\/span><\/p>\n<p><span style=\"font-size: 16.0pt;\">\u25cf <\/span><span style=\"font-size: 16.0pt;\">Tr\u01a1\u0309 th\u00e0nh m\u1ed9t trong nh\u1eefng c\u00f4ng ty cung c\u1ea5p sa\u0309n ph\u00e2\u0309m kim khi\u0301 chuy\u00ean nghi\u1ec7p h\u00e0ng \u0111\u1ea7u trong lo\u0300ng kha\u0301ch ha\u0300ng.<\/span><\/p>\n<h2 style=\"text-align: center;\"><span style=\"line-height: 1.8em;\"><a href=\"http:\/\/kimkhivugia.com\/upload\/files\/profile%20c%C3%B4ng%20ty%20kim%20kh%C3%AD%20v%C5%A9%20gia(1).pdf\"><span style=\"color: #0000ff;\">H\u1ed2 S\u01a0 N\u0102NG L\u1ef0C\u00a0<\/span><\/a><\/span><\/h2>\n<h2 style=\"text-align: center;\"><span style=\"line-height: 1.8em;\"><a href=\"http:\/\/kimkhivugia.com\/upload\/files\/profile%20c%C3%B4ng%20ty%20kim%20kh%C3%AD%20v%C5%A9%20gia(1).pdf\"><span style=\"color: #0000ff;\">C\u00d4NG TY TNHH KIM KH\u00cd V\u0168 GIA &#8211; KIMKHIVUGIA.COM<\/span><\/a><\/span><\/h2>\n<p><span style=\"line-height: 1.8em;\"><a href=\"http:\/\/kimkhivugia.com\/upload\/files\/profile%20c%C3%B4ng%20ty%20kim%20kh%C3%AD%20v%C5%A9%20gia(1).pdf\"><!--?php $d---><\/a><\/span><\/p>\n<\/div>\n\n\t\t<\/div>\n\t\t\t\t\t<\/div>\n\n\t\n\n<\/div>\n\n\t\t<\/div>\n\n\t\t\n<style>\n#section_2063602874 {\n  padding-top: 30px;\n  padding-bottom: 30px;\n}\n<\/style>\n\t<\/section>\n\t\n\n","protected":false},"excerpt":{"rendered":"","protected":false},"author":5,"featured_media":973,"parent":0,"menu_order":0,"comment_status":"closed","ping_status":"closed","template":"page-blank.php","meta":{"footnotes":""},"class_list":["post-26","page","type-page","status-publish","has-post-thumbnail","hentry"],"_links":{"self":[{"href":"https:\/\/kimkhivugia.com\/noi-that\/wp-json\/wp\/v2\/pages\/26","targetHints":{"allow":["GET"]}}],"collection":[{"href":"https:\/\/kimkhivugia.com\/noi-that\/wp-json\/wp\/v2\/pages"}],"about":[{"href":"https:\/\/kimkhivugia.com\/noi-that\/wp-json\/wp\/v2\/types\/page"}],"author":[{"embeddable":true,"href":"https:\/\/kimkhivugia.com\/noi-that\/wp-json\/wp\/v2\/users\/5"}],"replies":[{"embeddable":true,"href":"https:\/\/kimkhivugia.com\/noi-that\/wp-json\/wp\/v2\/comments?post=26"}],"version-history":[{"count":2,"href":"https:\/\/kimkhivugia.com\/noi-that\/wp-json\/wp\/v2\/pages\/26\/revisions"}],"predecessor-version":[{"id":2136,"href":"https:\/\/kimkhivugia.com\/noi-that\/wp-json\/wp\/v2\/pages\/26\/revisions\/2136"}],"wp:featuredmedia":[{"embeddable":true,"href":"https:\/\/kimkhivugia.com\/noi-that\/wp-json\/wp\/v2\/media\/973"}],"wp:attachment":[{"href":"https:\/\/kimkhivugia.com\/noi-that\/wp-json\/wp\/v2\/media?parent=26"}],"curies":[{"name":"wp","href":"https:\/\/api.w.org\/{rel}","templated":true}]}}