{"id":1981,"date":"2025-09-08T15:47:44","date_gmt":"2025-09-08T08:47:44","guid":{"rendered":"https:\/\/kimkhivugia.com\/noi-that\/?page_id=1981"},"modified":"2025-09-15T20:29:28","modified_gmt":"2025-09-15T13:29:28","slug":"chinh-sach-bao-hanh","status":"publish","type":"page","link":"https:\/\/kimkhivugia.com\/noi-that\/chinh-sach-bao-hanh\/","title":{"rendered":"Ch\u00ednh s\u00e1ch b\u1ea3o h\u00e0nh"},"content":{"rendered":"<p>T\u00f9y v\u00e0o t\u1eebng m\u1eb7t h\u00e0ng ch\u00fang t\u00f4i c\u00f3 ch\u00ednh s\u00e1ch b\u1ea3o h\u00e0nh kh\u00e1c nhau<\/p>\n<p>Ch\u00fang t\u00f4i lu\u00f4n \u0111\u1eb7t ch\u1ea5t l\u01b0\u1ee3ng l\u00ean h\u00e0ng v\u00e0 \u0111\u1ea7u v\u00e0 lu\u00f4n c\u00f3 tr\u00e1ch nhi\u1ec7m v\u1edbi nh\u1eefng s\u1ea3n ph\u1ea9m ch\u00fang t\u00f4i l\u00e0m ra<\/p>\n<p>Ch\u00fang t\u00f4i lu\u00f4n mu\u1ed1n \u0111em \u0111\u1ebfn s\u1ef1 h\u00e0i l\u00f2ng d\u00f9 l\u00e0 nh\u1eefng kh\u00e1ch h\u00e0ng kh\u00f3 t\u00ednh nh\u1ea5t<\/p>\n<p><img loading=\"lazy\" decoding=\"async\" class=\"alignnone  wp-image-2039\" src=\"https:\/\/kimkhivugia.com\/noi-that\/wp-content\/uploads\/2025\/09\/quality-control-1257235_1280.webp\" alt=\"\" width=\"595\" height=\"405\" \/><\/p>\n","protected":false},"excerpt":{"rendered":"<p>T\u00f9y v\u00e0o t\u1eebng m\u1eb7t h\u00e0ng ch\u00fang t\u00f4i c\u00f3 ch\u00ednh s\u00e1ch b\u1ea3o h\u00e0nh kh\u00e1c nhau Ch\u00fang t\u00f4i lu\u00f4n \u0111\u1eb7t ch\u1ea5t l\u01b0\u1ee3ng l\u00ean h\u00e0ng v\u00e0 \u0111\u1ea7u v\u00e0 lu\u00f4n c\u00f3 tr\u00e1ch nhi\u1ec7m v\u1edbi nh\u1eefng s\u1ea3n ph\u1ea9m ch\u00fang t\u00f4i l\u00e0m ra Ch\u00fang t\u00f4i lu\u00f4n mu\u1ed1n \u0111em \u0111\u1ebfn s\u1ef1 h\u00e0i l\u00f2ng d\u00f9 l\u00e0 nh\u1eefng kh\u00e1ch h\u00e0ng kh\u00f3 t\u00ednh nh\u1ea5t<\/p>\n","protected":false},"author":5,"featured_media":2038,"parent":0,"menu_order":0,"comment_status":"closed","ping_status":"closed","template":"","meta":{"footnotes":""},"class_list":["post-1981","page","type-page","status-publish","has-post-thumbnail","hentry"],"_links":{"self":[{"href":"https:\/\/kimkhivugia.com\/noi-that\/wp-json\/wp\/v2\/pages\/1981","targetHints":{"allow":["GET"]}}],"collection":[{"href":"https:\/\/kimkhivugia.com\/noi-that\/wp-json\/wp\/v2\/pages"}],"about":[{"href":"https:\/\/kimkhivugia.com\/noi-that\/wp-json\/wp\/v2\/types\/page"}],"author":[{"embeddable":true,"href":"https:\/\/kimkhivugia.com\/noi-that\/wp-json\/wp\/v2\/users\/5"}],"replies":[{"embeddable":true,"href":"https:\/\/kimkhivugia.com\/noi-that\/wp-json\/wp\/v2\/comments?post=1981"}],"version-history":[{"count":0,"href":"https:\/\/kimkhivugia.com\/noi-that\/wp-json\/wp\/v2\/pages\/1981\/revisions"}],"wp:featuredmedia":[{"embeddable":true,"href":"https:\/\/kimkhivugia.com\/noi-that\/wp-json\/wp\/v2\/media\/2038"}],"wp:attachment":[{"href":"https:\/\/kimkhivugia.com\/noi-that\/wp-json\/wp\/v2\/media?parent=1981"}],"curies":[{"name":"wp","href":"https:\/\/api.w.org\/{rel}","templated":true}]}}