{"id":1979,"date":"2025-09-08T15:47:28","date_gmt":"2025-09-08T08:47:28","guid":{"rendered":"https:\/\/kimkhivugia.com\/noi-that\/?page_id=1979"},"modified":"2025-09-15T20:21:03","modified_gmt":"2025-09-15T13:21:03","slug":"hinh-thuc-giao-nhan","status":"publish","type":"page","link":"https:\/\/kimkhivugia.com\/noi-that\/hinh-thuc-giao-nhan\/","title":{"rendered":"H\u00ecnh th\u1ee9c giao nh\u1eadn"},"content":{"rendered":"<p>Ch\u00fang t\u00f4i nh\u1eadn \u0111\u01a1n \u0111\u1eb7t h\u00e0ng trong n\u01b0\u1edbc v\u00e0 n\u01b0\u1edbc ngo\u00e0i<\/p>\n<p>Ch\u00fang t\u00f4i c\u00f3 nhi\u1ec1u h\u00ecnh th\u1ee9c v\u1eadn chuy\u1ec3n h\u00e0ng h\u00f3a trong n\u01b0\u1edbc nh\u01b0 : Ch\u00e0nh xe , xe B\u1eafc Nam , lalamove, grab &#8230;&#8230;&#8230;.<\/p>\n<p>Ngo\u00e0i ra ch\u00fang t\u00f4i c\u0169ng c\u00f3 nhi\u1ec1u kinh nghi\u1ec7m trong vi\u1ec7c xu\u1ea5t h\u00e0ng \u0111i c\u00e1c n\u01b0\u1edbc kh\u00e1c<\/p>\n<p><img loading=\"lazy\" decoding=\"async\" class=\"alignnone  wp-image-2033\" src=\"https:\/\/kimkhivugia.com\/noi-that\/wp-content\/uploads\/2025\/09\/dan-tri-pr-article-2doi-tac-tx-llm-dat-muc-tieu-tiep-tuc-gia-tang-thu-nhap-1-1docx-1709116709524.webp\" alt=\"\" width=\"336\" height=\"224\" \/><\/p>\n<p><img loading=\"lazy\" decoding=\"async\" class=\"size-medium wp-image-2034\" src=\"https:\/\/kimkhivugia.com\/noi-that\/wp-content\/uploads\/2025\/09\/shopee-express-2.jpg\" alt=\"\" width=\"400\" height=\"225\" \/><\/p>\n<p><img loading=\"lazy\" decoding=\"async\" class=\"alignnone size-medium wp-image-2035\" src=\"https:\/\/kimkhivugia.com\/noi-that\/wp-content\/uploads\/2025\/09\/NC-2.jpg\" alt=\"\" width=\"400\" height=\"228\" \/> <img loading=\"lazy\" decoding=\"async\" class=\"alignnone size-medium wp-image-2036\" src=\"https:\/\/kimkhivugia.com\/noi-that\/wp-content\/uploads\/2025\/09\/tong-dai-viettel-post-11.jpg\" alt=\"\" width=\"400\" height=\"225\" \/><\/p>\n","protected":false},"excerpt":{"rendered":"<p>Ch\u00fang t\u00f4i nh\u1eadn \u0111\u01a1n \u0111\u1eb7t h\u00e0ng trong n\u01b0\u1edbc v\u00e0 n\u01b0\u1edbc ngo\u00e0i Ch\u00fang t\u00f4i c\u00f3 nhi\u1ec1u h\u00ecnh th\u1ee9c v\u1eadn chuy\u1ec3n h\u00e0ng h\u00f3a trong n\u01b0\u1edbc nh\u01b0 : Ch\u00e0nh xe , xe B\u1eafc Nam , lalamove, grab &#8230;&#8230;&#8230;. Ngo\u00e0i ra ch\u00fang t\u00f4i c\u0169ng c\u00f3 nhi\u1ec1u kinh nghi\u1ec7m trong vi\u1ec7c xu\u1ea5t h\u00e0ng \u0111i c\u00e1c n\u01b0\u1edbc kh\u00e1c<\/p>\n","protected":false},"author":5,"featured_media":2033,"parent":0,"menu_order":0,"comment_status":"closed","ping_status":"closed","template":"","meta":{"footnotes":""},"class_list":["post-1979","page","type-page","status-publish","has-post-thumbnail","hentry"],"_links":{"self":[{"href":"https:\/\/kimkhivugia.com\/noi-that\/wp-json\/wp\/v2\/pages\/1979","targetHints":{"allow":["GET"]}}],"collection":[{"href":"https:\/\/kimkhivugia.com\/noi-that\/wp-json\/wp\/v2\/pages"}],"about":[{"href":"https:\/\/kimkhivugia.com\/noi-that\/wp-json\/wp\/v2\/types\/page"}],"author":[{"embeddable":true,"href":"https:\/\/kimkhivugia.com\/noi-that\/wp-json\/wp\/v2\/users\/5"}],"replies":[{"embeddable":true,"href":"https:\/\/kimkhivugia.com\/noi-that\/wp-json\/wp\/v2\/comments?post=1979"}],"version-history":[{"count":0,"href":"https:\/\/kimkhivugia.com\/noi-that\/wp-json\/wp\/v2\/pages\/1979\/revisions"}],"wp:featuredmedia":[{"embeddable":true,"href":"https:\/\/kimkhivugia.com\/noi-that\/wp-json\/wp\/v2\/media\/2033"}],"wp:attachment":[{"href":"https:\/\/kimkhivugia.com\/noi-that\/wp-json\/wp\/v2\/media?parent=1979"}],"curies":[{"name":"wp","href":"https:\/\/api.w.org\/{rel}","templated":true}]}}